{"id":507,"date":"2026-04-10T12:43:57","date_gmt":"2026-04-10T12:43:57","guid":{"rendered":"https:\/\/telehaz.org\/?page_id=507"},"modified":"2026-04-10T12:43:58","modified_gmt":"2026-04-10T12:43:58","slug":"mik-azok-a-sutik-cookies","status":"publish","type":"page","link":"https:\/\/telehaz.org\/mk\/mik-azok-a-sutik-cookies\/","title":{"rendered":"\u0428\u0442\u043e \u0441\u0435 \u043a\u043e\u043b\u0430\u0447\u0438\u045a\u0430?"},"content":{"rendered":"<p>\u041a\u043e\u043b\u0430\u0447\u0438\u045a\u0430\u0442\u0430 (cookies) \u0441\u0435 \u043c\u0430\u043b\u0438 \u0442\u0435\u043a\u0441\u0442\u0443\u0430\u043b\u043d\u0438 \u0434\u0430\u0442\u043e\u0442\u0435\u043a\u0438, \u043a\u043e\u0438 \u0441\u0435 \u0441\u043c\u0435\u0441\u0442\u0443\u0432\u0430\u0430\u0442 \u0432\u043e \u0412\u0430\u0448\u0438\u043e\u0442 \u043a\u043e\u043c\u043f\u0458\u0443\u0442\u0435\u0440 \u0438\u043b\u0438 \u043c\u043e\u0431\u0438\u043b\u0435\u043d \u0442\u0435\u043b\u0435\u0444\u043e\u043d \u043e\u0434 \u0441\u0442\u0440\u0430\u043d\u0430 \u043d\u0430 \u0432\u0435\u0431 \u0441\u0442\u0440\u0430\u043d\u0438\u0446\u0438\u0442\u0435 \u043a\u043e\u0438 \u0433\u0438 \u043f\u043e\u0441\u0435\u0442\u0443\u0432\u0430\u0442\u0435. \u041e\u0432\u0438\u0435 \u0442\u0435\u043a\u0441\u0442\u0443\u0430\u043b\u043d\u0438 \u0434\u0430\u0442\u043e\u0442\u0435\u043a\u0438 \u043c\u043e\u0436\u0430\u0442 \u0434\u0430 \u0431\u0438\u0434\u0430\u0442 \u043f\u0440\u043e\u0447\u0438\u0442\u0430\u043d\u0438 \u043e\u0434 \u0441\u0442\u0440\u0430\u043d\u0430 \u043d\u0430 \u0432\u0435\u0431 \u0441\u0442\u0440\u0430\u043d\u0438\u0446\u0438\u0442\u0435 \u043a\u043e\u0438 \u0433\u0438 \u043f\u043e\u0441\u0435\u0442\u0443\u0432\u0430\u0442\u0435 \u0438 \u0434\u0430 \u043f\u043e\u043c\u043e\u0433\u043d\u0430\u0442 \u0432\u043e \u0412\u0430\u0448\u0430\u0442\u0430 \u0438\u0434\u0435\u043d\u0442\u0438\u0444\u0438\u043a\u0430\u0446\u0438\u0458\u0430 \u043a\u043e\u0433\u0430 \u043f\u043e\u0432\u0442\u043e\u0440\u043d\u043e \u045c\u0435 \u0458\u0430 \u043e\u0442\u0432\u043e\u0440\u0438\u0442\u0435 \u0432\u0435\u0431 \u0441\u0442\u0440\u0430\u043d\u0438\u0446\u0430\u0442\u0430, \u0430 \u0432\u043e\u043e\u0431\u0438\u0447\u0430\u0435\u043d\u043e \u0433\u0438 \u0441\u043e\u0434\u0440\u0436\u0430\u0442 \u0441\u043b\u0435\u0434\u043d\u0438\u0442\u0435 \u043f\u043e\u0434\u0430\u0442\u043e\u0446\u0438:<br>\u2022\t\u0418\u043c\u0435 \u043d\u0430 \u0441\u0435\u0440\u0432\u0435\u0440\u043e\u0442 \u043e\u0434 \u043a\u043e\u0438 \u0441\u0435 \u0438\u0441\u043f\u0440\u0430\u0442\u0435\u043d\u0438 \u043a\u043e\u043b\u0430\u0447\u0438\u045a\u0430\u0442\u0430;<br>\u2022\t\u0416\u0438\u0432\u043e\u0442\u043d\u0438\u043e\u0442 \u0432\u0435\u043a \u043d\u0430 \u043a\u043e\u043b\u0430\u0447\u0438\u045a\u0430\u0442\u0430;<br>\u2022\t\u0412\u0440\u0435\u0434\u043d\u043e\u0441\u0442 \u2013 \u0441\u043b\u0443\u0447\u0430\u0458\u043d\u043e \u0433\u0435\u043d\u0435\u0440\u0438\u0440\u0430\u043d \u0435\u0434\u0438\u043d\u0441\u0442\u0432\u0435\u043d \u0431\u0440\u043e\u0458.<\/p>\n\n\n\n<p>\u041a\u043e\u043b\u0430\u0447\u0438\u045a\u0430\u0442\u0430 \u0441\u0430\u043c\u0438 \u043f\u043e \u0441\u0435\u0431\u0435 \u043d\u0435 \u0441\u043e\u0434\u0440\u0436\u0430\u0442, \u043d\u0438\u0442\u0443 \u0441\u043e\u0431\u0438\u0440\u0430\u0430\u0442 \u0438\u043d\u0444\u043e\u0440\u043c\u0430\u0446\u0438\u0438, \u043d\u043e \u0430\u043a\u043e \u0441\u0435\u0440\u0432\u0435\u0440\u043e\u0442 \u0433\u0438 \u0447\u0438\u0442\u0430 \u0437\u0430\u0435\u0434\u043d\u043e \u0441\u043e \u0432\u0435\u0431 \u043f\u0440\u0435\u043b\u0438\u0441\u0442\u0443\u0432\u0430\u0447\u043e\u0442, \u0442\u043e\u0430 \u043c\u043e\u0436\u0435 \u0434\u0430 \u0438 \u043f\u043e\u043c\u043e\u0433\u043d\u0435 \u043d\u0430 \u0432\u0435\u0431 \u0441\u0442\u0440\u0430\u043d\u0430\u0442\u0430 \u0434\u0430 \u0438\u0437\u0432\u0440\u0448\u0443\u0432\u0430 \u043f\u043e\u0432\u0435\u045c\u0435 \u0443\u0441\u043b\u0443\u0433\u0438.<\/p>\n\n\n\n<p>\u041e\u0432\u0438\u0435 \u0442\u0435\u043a\u0441\u0442\u0443\u0430\u043b\u043d\u0438 \u0434\u0430\u0442\u043e\u0442\u0435\u043a\u0438 \u043c\u043e\u0436\u0430\u0442 \u0434\u0430 \u0431\u0438\u0434\u0430\u0442 \u043f\u043e\u0441\u0442\u043e\u0458\u0430\u043d\u0438 \u043a\u043e\u043b\u0430\u0447\u0438\u045a\u0430 (persistent cookies), \u043f\u0440\u0438\u0432\u0440\u0435\u043c\u0435\u043d\u0438 \u043a\u043e\u043b\u0430\u0447\u0438\u045a\u0430 (session cookies), \u0441\u043e\u043f\u0441\u0442\u0432\u0435\u043d\u0438 (1st party cookies) \u0438 \u0434\u0440\u0443\u0433\u0438 \u043a\u043e\u043b\u0430\u0447\u0438\u045a\u0430 (3rd party cookies).<\/p>\n\n\n\n<p>\u041f\u043e\u0441\u0442\u043e\u0458\u0430\u043d\u0438\u0442\u0435 \u043a\u043e\u043b\u0430\u0447\u0438\u045a\u0430 (persistent cookies) \u043e\u0441\u0442\u0430\u043d\u0443\u0432\u0430\u0430\u0442 \u043d\u0430 \u0412\u0430\u0448\u0438\u043e\u0442 \u043a\u043e\u043c\u043f\u0458\u0443\u0442\u0435\u0440 \u0438 \u043a\u043e\u0433\u0430 \u045c\u0435 \u0433\u043e \u0438\u0441\u043a\u043b\u0443\u0447\u0438\u0442\u0435 \u043f\u0440\u0435\u0431\u0430\u0440\u0443\u0432\u0430\u0447\u043e\u0442 (\u045c\u0435 \u043f\u0440\u0435\u043c\u0438\u043d\u0435\u0442\u0435 \u0432\u043e \u043e\u0444\u043b\u0430\u0458\u043d \u0441\u043e\u0441\u0442\u043e\u0458\u0431\u0430). \u041f\u043e\u0441\u0442\u043e\u0458\u0430\u043d\u0438\u0442\u0435 \u043a\u043e\u043b\u0430\u0447\u0438\u045a\u0430 \u043c\u043e\u0436\u0430\u0442 \u0434\u0430 \u043e\u0441\u0442\u0430\u043d\u0430\u0442 \u043d\u0430 \u0432\u0430\u0448\u0438\u043e\u0442 \u043a\u043e\u043c\u043f\u0458\u0443\u0442\u0435\u0440 \u0441\u043e \u0434\u0435\u043d\u043e\u0432\u0438, \u043c\u0435\u0441\u0435\u0446\u0438, \u043f\u0430 \u0434\u0443\u0440\u0438 \u0438 \u0441\u043e \u0433\u043e\u0434\u0438\u043d\u0438.<\/p>\n\n\n\n<p>\u041f\u0440\u0438\u0432\u0440\u0435\u043c\u0435\u043d\u0438\u0442\u0435 \u043a\u043e\u043b\u0430\u0447\u0438\u045a\u0430 (session cookies) \u0441\u0435 \u0441\u043e \u043a\u0440\u0430\u0442\u043a\u043e \u0432\u0440\u0435\u043c\u0435\u0442\u0440\u0430\u045a\u0435 \u0438 \u0437\u0430\u043f\u043e\u0447\u043d\u0443\u0432\u0430\u0430\u0442 \u0432\u043e \u043c\u043e\u043c\u0435\u043d\u0442\u043e\u0442 \u043d\u0430 \u043e\u0442\u0432\u043e\u0440\u0430\u045a\u0435 \u043d\u0430 \u043f\u0440\u0435\u0431\u0430\u0440\u0443\u0432\u0430\u0447\u043e\u0442 \u0441\u0435 \u0434\u043e \u043c\u043e\u043c\u0435\u043d\u0442\u043e\u0442 \u043d\u0430 \u0437\u0430\u0442\u0432\u043e\u0440\u0430\u045a\u0435 \u043d\u0430 \u043f\u0440\u0435\u0431\u0430\u0440\u0443\u0432\u0430\u0447\u043e\u0442. \u041f\u0440\u0438\u0432\u0440\u0435\u043c\u0435\u043d\u0438\u0442\u0435 \u043a\u043e\u043b\u0430\u0447\u0438\u045a\u0430 \u0441\u0435 \u0431\u0440\u0438\u0448\u0430\u0442 \u0448\u0442\u043e\u043c \u0433\u043e \u0437\u0430\u0442\u0432\u043e\u0440\u0438\u0442\u0435 \u0438\u043d\u0442\u0435\u0440\u043d\u0435\u0442 \u043f\u0440\u0435\u0431\u0430\u0440\u0443\u0432\u0430\u0447\u043e\u0442.<\/p>\n\n\n\n<p>\u0421\u043e\u043f\u0441\u0442\u0432\u0435\u043d\u0438\u0442\u0435 \u043a\u043e\u043b\u0430\u0447\u0438\u045a\u0430 (1st party cookies) \u043c\u043e\u0436\u0435 \u0434\u0430 \u0431\u0438\u0434\u0430\u0442 \u043f\u0440\u0438\u0432\u0440\u0435\u043c\u0435\u043d\u0438 \u0438 \u043f\u043e\u0441\u0442\u043e\u0458\u0430\u043d\u0438.<\/p>\n\n\n\n<p>\u0414\u0440\u0443\u0433\u0438\u0442\u0435 \u043a\u043e\u043b\u0430\u0447\u0438\u045a\u0430 (3rd party cookies) \u043f\u043e\u0442\u0435\u043a\u043d\u0443\u0432\u0430\u0430\u0442 \u043e\u0434 \u0434\u0440\u0443\u0433\u0438, \u043f\u0430\u0440\u0442\u043d\u0435\u0440\u0441\u043a\u0438 \u0432\u0435\u0431 \u0441\u0442\u0440\u0430\u043d\u0438, \u0437\u0430 \u0441\u043b\u0435\u0434\u0435\u045a\u0435 \u043d\u0430 \u043f\u043e\u0441\u0435\u0442\u0438\u0442\u0435 \u0438 \u0441\u0442\u0430\u0442\u0438\u0441\u0442\u0438\u043a\u0430 \u043d\u0430 \u0441\u0432\u043e\u0438\u0442\u0435 \u0432\u0435\u0431 \u0441\u0442\u0440\u0430\u043d\u0438 \u0441\u043e \u0443\u043f\u043e\u0442\u0440\u0435\u0431\u0430 \u043d\u0430 \u0430\u043d\u0430\u043b\u0438\u0442\u0438\u0447\u043a\u0430 \u043f\u0440\u043e\u0433\u0440\u0430\u043c\u0441\u043a\u0430 \u043e\u043f\u0440\u0435\u043c\u0430 Google Analytics.<\/p>\n\n\n\n<p>\u041a\u043e\u043b\u0430\u0447\u0438\u045a\u0430\u0442\u0430 \u0441\u0435 \u043a\u043e\u0440\u0438\u0441\u0442\u0430\u0442 \u0437\u0430 \u043f\u043e\u0432\u0435\u045c\u0435 \u0446\u0435\u043b\u0438, \u043a\u0430\u043a\u043e \u043d\u0430 \u043f\u0440\u0438\u043c\u0435\u0440 \u0437\u0430 \u0434\u0430 \u0441\u0435 \u0437\u0430\u043f\u043e\u043c\u043d\u0430\u0442 \u0412\u0430\u0448\u0438\u0442\u0435 \u0430\u043a\u0442\u0438\u0432\u043d\u043e\u0441\u0442\u0438 \u0438 \u043f\u0440\u0435\u0444\u0435\u0440\u0435\u043d\u0446\u0438\u0438 (\u0432\u043a\u043b\u0443\u0447\u0443\u0432\u0430\u045a\u0430, \u0458\u0430\u0437\u0438\u0447\u043d\u0438 \u043f\u0440\u0435\u0444\u0435\u0440\u0435\u043d\u0446\u0438\u0438, \u0433\u043e\u043b\u0435\u043c\u0438\u043d\u0430 \u043d\u0430 \u0444\u043e\u043d\u0442 \u0438\u043b\u0438 \u043a\u0430\u043a\u043e \u0434\u0430 \u0432\u0438 \u0441\u0435 \u043f\u0440\u0438\u043a\u0430\u0436\u0443\u0432\u0430 \u0441\u0442\u0440\u0430\u043d\u0438\u0446\u0430\u0442\u0430), \u0437\u0430 \u0434\u0430 \u0441\u0435 \u043e\u0431\u0435\u0437\u0431\u0435\u0434\u0438 \u043f\u0435\u0440\u0441\u043e\u043d\u0430\u043b\u0438\u0437\u0438\u0440\u0430\u043d\u0430\/\u043f\u0440\u0438\u0441\u043f\u043e\u0441\u043e\u0431\u0435\u043d\u0430 \u0441\u043e\u0434\u0440\u0436\u0438\u043d\u0430 \u043d\u0430 \u0432\u0435\u0431 \u0441\u0442\u0440\u0430\u043d\u0438\u0446\u0430\u0442\u0430 \u0438 \u0434\u0430 \u0441\u0435 \u043f\u0440\u0438\u043a\u0430\u0436\u0435 \u043d\u0430\u0432\u0438\u0433\u0430\u0446\u0438\u0441\u043a\u0430\u0442\u0430 \u0438\u0441\u0442\u043e\u0440\u0438\u0458\u0430 \u043d\u0430 \u0438\u0441\u0442\u0430\u0442\u0430.<\/p>\n\n\n\n<hr class=\"wp-block-separator has-alpha-channel-opacity\"\/>\n\n\n\n<p><strong>\u041a\u0430\u043a\u043e\u0432 \u0432\u0438\u0434 \u043d\u0430 \u043a\u043e\u043b\u0430\u0447\u0438\u045a\u0430 \u043a\u043e\u0440\u0438\u0441\u0442\u0438\u043c\u0435?<\/strong><\/p>\n\n\n\n<p class=\"translation-block\">\u041d\u0435\u043e\u043f\u0445\u043e\u0434\u043d\u0438 \u043a\u043e\u043b\u0430\u0447\u0438\u045a\u0430, \u043a\u043e\u043b\u0430\u0447\u0438\u045a\u0430 \u043a\u043e\u0438 \u043e\u0432\u043e\u0437\u043c\u043e\u0436\u0443\u0432\u0430\u0430\u0442 \u043d\u043e\u0440\u043c\u0430\u043b\u043d\u043e \u0444\u0443\u043d\u043a\u0446\u0438\u043e\u043d\u0438\u0440\u0430\u045a\u0435 \u043d\u0430 \u0432\u0435\u0431 \u0441\u0442\u0440\u0430\u043d\u0430\u0442\u0430 \u0438 \u043d\u0435\u0458\u0437\u0438\u043d\u0438\u0442\u0435 \u043e\u0441\u043d\u043e\u0432\u043d\u0438 \u0444\u0443\u043d\u043a\u0446\u0438\u043e\u043d\u0430\u043b\u043d\u043e\u0441\u0442\u0438. \u0411\u0435\u0437 \u0438\u043d\u0441\u0442\u0430\u043b\u0438\u0440\u0430\u045a\u0435 \u043d\u0430 \u043e\u0432\u0438\u0435 \u043a\u043e\u043b\u0430\u0447\u0438\u045a\u0430, \u043d\u0435 \u043c\u043e\u0436\u0435\u043c\u0435 \u0434\u0430 \u0412\u0438 \u043e\u0431\u0435\u0437\u0431\u0435\u0434\u0438\u043c\u0435 \u043d\u0435\u043f\u0440\u0435\u0447\u0435\u043d \u043f\u0440\u0438\u0441\u0442\u0430\u043f \u0434\u043e \u0432\u0435\u0431 \u0441\u0442\u0440\u0430\u043d\u0430\u0442\u0430.<\/p>\n\n\n\n<p class=\"translation-block\">\u041f\u043e\u0434\u0430\u0442\u043e\u0446\u0438\u0442\u0435 \u0441\u043e\u0431\u0440\u0430\u043d\u0438 \u043e\u0434 \u043e\u0432\u0438\u0435 \u043a\u043e\u043b\u0430\u0447\u0438\u045a\u0430 \u043d\u0435 \u0433\u0438 \u043f\u0440\u0435\u043d\u0435\u0441\u0443\u0432\u0430\u043c\u0435 \u043d\u0430 \u0442\u0440\u0435\u0442\u0438 \u043b\u0438\u0446\u0430.\n\u041a\u043e\u043b\u0430\u0447\u0438\u045a\u0430 \u0437\u0430 \u0441\u043e\u0446\u0438\u0458\u0430\u043b\u043d\u0438 \u043c\u0440\u0435\u0436\u0438, \u0432\u0435\u0431 \u0430\u043d\u0430\u043b\u0438\u0437\u0430 \u0438 \u043a\u043e\u043b\u0430\u0447\u0438\u045a\u0430 \u043e\u0434 \u0442\u0440\u0435\u0442\u0438 \u0441\u0442\u0440\u0430\u043d\u0438\n\u041e\u0432\u0438\u0435 \u043a\u043e\u043b\u0430\u0447\u0438\u045a\u0430 \u043e\u0432\u043e\u0437\u043c\u043e\u0436\u0443\u0432\u0430\u0430\u0442 \u0440\u0430\u0431\u043e\u0442\u0430 \u0441\u043e \u043f\u0440\u0438\u043a\u043b\u0443\u0447\u0443\u0432\u0430\u045a\u0435 \u043d\u0430 \u0441\u043e\u0446\u0438\u0458\u0430\u043b\u043d\u0438\u0442\u0435 \u043c\u0440\u0435\u0436\u0438, \u0430 \u043d\u0435\u043a\u043e\u0438 \u043e\u0434 \u043d\u0438\u0432 \u043d\u0438 \u043e\u0432\u043e\u0437\u043c\u043e\u0436\u0443\u0432\u0430\u0430\u0442 \u0434\u0430 \u0458\u0430 \u0438\u0441\u0442\u0440\u0430\u0436\u0438\u043c\u0435 \u0446\u0435\u043b\u0442\u0430 \u0437\u0430 \u0443\u043f\u043e\u0442\u0440\u0435\u0431\u0430\u0442\u0430 \u043d\u0430 \u043d\u0430\u0448\u0430\u0442\u0430 \u0432\u0435\u0431 \u0441\u0442\u0440\u0430\u043d\u0430 \u0438\u043b\u0438 \u0432\u0430\u0448\u0435\u0442\u043e \u043f\u0440\u0435\u0431\u0430\u0440\u0443\u0432\u0430\u045a\u0435 \u043d\u0430 \u0434\u0440\u0443\u0433\u0438 \u0432\u0435\u0431 \u0441\u0442\u0440\u0430\u043d\u0438\u0446\u0438.<\/p>\n\n\n\n<hr class=\"wp-block-separator has-alpha-channel-opacity\"\/>\n\n\n\n<p><strong>\u041a\u043e\u043d\u0442\u0440\u043e\u043b\u0430 \u043d\u0430 \u043a\u043e\u043b\u0430\u0447\u0438\u045a\u0430<\/strong><\/p>\n\n\n\n<p>\u0412\u0438\u0435 \u0441\u0430\u043c\u0438 \u043e\u0434\u043b\u0443\u0447\u0443\u0432\u0430\u0442\u0435 \u0434\u0430\u043b\u0438 \u045c\u0435 \u0433\u0438 \u043a\u043e\u0440\u0438\u0441\u0442\u0438\u0442\u0435 \u043a\u043e\u043b\u0430\u0447\u0438\u045a\u0430\u0442\u0430. \u0412\u043e \u0441\u0435\u043a\u043e\u0435 \u0432\u0440\u0435\u043c\u0435 \u043c\u043e\u0436\u0435 \u0434\u0430 \u0433\u0438 \u0438\u0437\u0431\u0440\u0438\u0448\u0435\u0442\u0435 \u043a\u043e\u043b\u0430\u0447\u0438\u045a\u0430\u0442\u0430 \u0438 \u0434\u0430 \u0433\u0438 \u043f\u0440\u0438\u043b\u0430\u0433\u043e\u0434\u0438\u0442\u0435 \u0412\u0430\u0448\u0438\u0442\u0435 \u043f\u0440\u0435\u0431\u0430\u0440\u0443\u0432\u0430\u0447\u0438 \u0434\u0430 \u0433\u0438 \u0441\u043f\u0440\u0435\u0447\u0443\u0432\u0430\u0430\u0442 \u043a\u043e\u043b\u0430\u0447\u0438\u045a\u0430\u0442\u0430.<\/p>\n\n\n\n<p>\u041c\u043e\u0436\u0435\u0442\u0435 \u0434\u0430 \u0433\u0438 \u043a\u043e\u043d\u0442\u0440\u043e\u043b\u0438\u0440\u0430\u0442\u0435 \u0438 \u043c\u0435\u043d\u0443\u0432\u0430\u0442\u0435 \u043f\u043e\u0441\u0442\u0430\u0432\u043a\u0438\u0442\u0435 \u0437\u0430 \u043a\u043e\u043b\u0430\u0447\u0438\u045a\u0430 \u043d\u0430 \u0432\u0430\u0448\u0438\u0442\u0435 \u0432\u0435\u0431 \u043f\u0440\u0435\u0431\u0430\u0440\u0443\u0432\u0430\u0447\u0438.<br>\u0417\u0430 \u0438\u043d\u0444\u043e\u0440\u043c\u0430\u0446\u0438\u0438 \u0437\u0430 \u043f\u043e\u0441\u0442\u0430\u0432\u043a\u0438\u0442\u0435 \u0437\u0430 \u043a\u043e\u043b\u0430\u0447\u0438\u045a\u0430, \u0438\u0437\u0431\u0435\u0440\u0435\u0442\u0435 \u0433\u043e \u0432\u0435\u0431 \u043f\u0440\u0435\u0431\u0430\u0440\u0443\u0432\u0430\u0447\u043e\u0442 \u043a\u043e\u0458 \u0433\u043e \u043a\u043e\u0440\u0438\u0441\u0442\u0438\u0442\u0435:<\/p>\n\n\n\n<p>Chrome<br>Firefox<br>Internet Explorer 9<br>Internet Explorer 7 \u00e9s 8<br>Opera<br>Safari<\/p>\n\n\n\n<p><strong>\u0410\u0434\u043c\u0438\u043d\u0438\u0441\u0442\u0440\u0430\u0442\u043e\u0440 \u043d\u0430 \u043a\u043e\u043b\u0430\u0447\u0438\u045a\u0430\u0442\u0430<\/strong><\/p>\n\n\n\n<p><strong>\u0417\u0434\u0440\u0443\u0436\u0435\u043d\u0438\u0435 \u043d\u0430 \u0423\u043d\u0433\u0430\u0440\u0446\u0438\u0442\u0435 \u0432\u043e \u0420\u0435\u043f\u0443\u0431\u043b\u0438\u043a\u0430 \u041c\u0430\u043a\u0435\u0434\u043e\u043d\u0438\u0458\u0430 \u0422\u0415\u041b\u0415\u0414\u041e\u041c \u0421\u043a\u043e\u043f\u0458\u0435<\/strong><\/p>","protected":false},"excerpt":{"rendered":"<p>A s\u00fctik (cookies) kis sz\u00f6veges f\u00e1jlok, amelyeket az \u00d6n sz\u00e1m\u00edt\u00f3g\u00e9p\u00e9re vagy mobiltelefonj\u00e1ra helyeznek el azok a weboldalak, amelyeket megl\u00e1togat. Ezeket.<\/p>","protected":false},"author":1,"featured_media":0,"parent":0,"menu_order":0,"comment_status":"closed","ping_status":"closed","template":"","meta":{"_monsterinsights_skip_tracking":false,"_monsterinsights_sitenote_active":false,"_monsterinsights_sitenote_note":"","_monsterinsights_sitenote_category":0,"footnotes":""},"class_list":["post-507","page","type-page","status-publish","hentry"],"yoast_head":"<!-- This site is optimized with the Yoast SEO plugin v27.1.1 - https:\/\/yoast.com\/product\/yoast-seo-wordpress\/ -->\n<title>Mik azok a s\u00fctik (cookies)? - telehaz<\/title>\n<meta name=\"robots\" content=\"index, follow, max-snippet:-1, max-image-preview:large, max-video-preview:-1\" \/>\n<link rel=\"canonical\" href=\"https:\/\/telehaz.org\/mk\/mik-azok-a-sutik-cookies\/\" \/>\n<meta property=\"og:locale\" content=\"mk_MK\" \/>\n<meta property=\"og:type\" content=\"article\" \/>\n<meta property=\"og:title\" content=\"Mik azok a s\u00fctik (cookies)? - telehaz\" \/>\n<meta property=\"og:description\" content=\"A s\u00fctik (cookies) kis sz\u00f6veges f\u00e1jlok, amelyeket az \u00d6n sz\u00e1m\u00edt\u00f3g\u00e9p\u00e9re vagy mobiltelefonj\u00e1ra helyeznek el azok a weboldalak, amelyeket megl\u00e1togat. Ezeket.\" \/>\n<meta property=\"og:url\" content=\"https:\/\/telehaz.org\/mk\/mik-azok-a-sutik-cookies\/\" \/>\n<meta property=\"og:site_name\" content=\"telehaz\" \/>\n<meta property=\"article:modified_time\" content=\"2026-04-10T12:43:58+00:00\" \/>\n<meta name=\"twitter:card\" content=\"summary_large_image\" \/>\n<meta name=\"twitter:label1\" content=\"Est. reading time\" \/>\n\t<meta name=\"twitter:data1\" content=\"2 \u043c\u0438\u043d\u0443\u0442\u0438\" \/>\n<script type=\"application\/ld+json\" class=\"yoast-schema-graph\">{\"@context\":\"https:\/\/schema.org\",\"@graph\":[{\"@type\":\"WebPage\",\"@id\":\"https:\/\/telehaz.org\/mik-azok-a-sutik-cookies\/\",\"url\":\"https:\/\/telehaz.org\/mik-azok-a-sutik-cookies\/\",\"name\":\"Mik azok a s\u00fctik (cookies)? - telehaz\",\"isPartOf\":{\"@id\":\"https:\/\/telehaz.org\/#website\"},\"datePublished\":\"2026-04-10T12:43:57+00:00\",\"dateModified\":\"2026-04-10T12:43:58+00:00\",\"breadcrumb\":{\"@id\":\"https:\/\/telehaz.org\/mik-azok-a-sutik-cookies\/#breadcrumb\"},\"inLanguage\":\"mk-MK\",\"potentialAction\":[{\"@type\":\"ReadAction\",\"target\":[\"https:\/\/telehaz.org\/mik-azok-a-sutik-cookies\/\"]}]},{\"@type\":\"BreadcrumbList\",\"@id\":\"https:\/\/telehaz.org\/mik-azok-a-sutik-cookies\/#breadcrumb\",\"itemListElement\":[{\"@type\":\"ListItem\",\"position\":1,\"name\":\"Home\",\"item\":\"https:\/\/telehaz.org\/\"},{\"@type\":\"ListItem\",\"position\":2,\"name\":\"Mik azok a s\u00fctik (cookies)?\"}]},{\"@type\":\"WebSite\",\"@id\":\"https:\/\/telehaz.org\/#website\",\"url\":\"https:\/\/telehaz.org\/\",\"name\":\"telehaz\",\"description\":\"\",\"publisher\":{\"@id\":\"https:\/\/telehaz.org\/#organization\"},\"potentialAction\":[{\"@type\":\"SearchAction\",\"target\":{\"@type\":\"EntryPoint\",\"urlTemplate\":\"https:\/\/telehaz.org\/?s={search_term_string}\"},\"query-input\":{\"@type\":\"PropertyValueSpecification\",\"valueRequired\":true,\"valueName\":\"search_term_string\"}}],\"inLanguage\":\"mk-MK\"},{\"@type\":\"Organization\",\"@id\":\"https:\/\/telehaz.org\/#organization\",\"name\":\"telehaz\",\"url\":\"https:\/\/telehaz.org\/\",\"logo\":{\"@type\":\"ImageObject\",\"inLanguage\":\"mk-MK\",\"@id\":\"https:\/\/telehaz.org\/#\/schema\/logo\/image\/\",\"url\":\"https:\/\/telehaz.org\/wp-content\/uploads\/2026\/03\/cropped-cropped-485774272_1126253836207625_3465147681560552661_n.png\",\"contentUrl\":\"https:\/\/telehaz.org\/wp-content\/uploads\/2026\/03\/cropped-cropped-485774272_1126253836207625_3465147681560552661_n.png\",\"width\":999,\"height\":572,\"caption\":\"telehaz\"},\"image\":{\"@id\":\"https:\/\/telehaz.org\/#\/schema\/logo\/image\/\"}}]}<\/script>\n<!-- \/ Yoast SEO plugin. -->","yoast_head_json":{"title":"Mik azok a s\u00fctik (cookies)? - telehaz","robots":{"index":"index","follow":"follow","max-snippet":"max-snippet:-1","max-image-preview":"max-image-preview:large","max-video-preview":"max-video-preview:-1"},"canonical":"https:\/\/telehaz.org\/mk\/mik-azok-a-sutik-cookies\/","og_locale":"mk_MK","og_type":"article","og_title":"Mik azok a s\u00fctik (cookies)? - telehaz","og_description":"A s\u00fctik (cookies) kis sz\u00f6veges f\u00e1jlok, amelyeket az \u00d6n sz\u00e1m\u00edt\u00f3g\u00e9p\u00e9re vagy mobiltelefonj\u00e1ra helyeznek el azok a weboldalak, amelyeket megl\u00e1togat. Ezeket.","og_url":"https:\/\/telehaz.org\/mk\/mik-azok-a-sutik-cookies\/","og_site_name":"telehaz","article_modified_time":"2026-04-10T12:43:58+00:00","twitter_card":"summary_large_image","twitter_misc":{"Est. reading time":"2 \u043c\u0438\u043d\u0443\u0442\u0438"},"schema":{"@context":"https:\/\/schema.org","@graph":[{"@type":"WebPage","@id":"https:\/\/telehaz.org\/mik-azok-a-sutik-cookies\/","url":"https:\/\/telehaz.org\/mik-azok-a-sutik-cookies\/","name":"Mik azok a s\u00fctik (cookies)? - telehaz","isPartOf":{"@id":"https:\/\/telehaz.org\/#website"},"datePublished":"2026-04-10T12:43:57+00:00","dateModified":"2026-04-10T12:43:58+00:00","breadcrumb":{"@id":"https:\/\/telehaz.org\/mik-azok-a-sutik-cookies\/#breadcrumb"},"inLanguage":"mk-MK","potentialAction":[{"@type":"ReadAction","target":["https:\/\/telehaz.org\/mik-azok-a-sutik-cookies\/"]}]},{"@type":"BreadcrumbList","@id":"https:\/\/telehaz.org\/mik-azok-a-sutik-cookies\/#breadcrumb","itemListElement":[{"@type":"ListItem","position":1,"name":"Home","item":"https:\/\/telehaz.org\/"},{"@type":"ListItem","position":2,"name":"Mik azok a s\u00fctik (cookies)?"}]},{"@type":"WebSite","@id":"https:\/\/telehaz.org\/#website","url":"https:\/\/telehaz.org\/","name":"telehaz","description":"","publisher":{"@id":"https:\/\/telehaz.org\/#organization"},"potentialAction":[{"@type":"SearchAction","target":{"@type":"EntryPoint","urlTemplate":"https:\/\/telehaz.org\/?s={search_term_string}"},"query-input":{"@type":"PropertyValueSpecification","valueRequired":true,"valueName":"search_term_string"}}],"inLanguage":"mk-MK"},{"@type":"Organization","@id":"https:\/\/telehaz.org\/#organization","name":"telehaz","url":"https:\/\/telehaz.org\/","logo":{"@type":"ImageObject","inLanguage":"mk-MK","@id":"https:\/\/telehaz.org\/#\/schema\/logo\/image\/","url":"https:\/\/telehaz.org\/wp-content\/uploads\/2026\/03\/cropped-cropped-485774272_1126253836207625_3465147681560552661_n.png","contentUrl":"https:\/\/telehaz.org\/wp-content\/uploads\/2026\/03\/cropped-cropped-485774272_1126253836207625_3465147681560552661_n.png","width":999,"height":572,"caption":"telehaz"},"image":{"@id":"https:\/\/telehaz.org\/#\/schema\/logo\/image\/"}}]}},"_links":{"self":[{"href":"https:\/\/telehaz.org\/mk\/wp-json\/wp\/v2\/pages\/507","targetHints":{"allow":["GET"]}}],"collection":[{"href":"https:\/\/telehaz.org\/mk\/wp-json\/wp\/v2\/pages"}],"about":[{"href":"https:\/\/telehaz.org\/mk\/wp-json\/wp\/v2\/types\/page"}],"author":[{"embeddable":true,"href":"https:\/\/telehaz.org\/mk\/wp-json\/wp\/v2\/users\/1"}],"replies":[{"embeddable":true,"href":"https:\/\/telehaz.org\/mk\/wp-json\/wp\/v2\/comments?post=507"}],"version-history":[{"count":1,"href":"https:\/\/telehaz.org\/mk\/wp-json\/wp\/v2\/pages\/507\/revisions"}],"predecessor-version":[{"id":508,"href":"https:\/\/telehaz.org\/mk\/wp-json\/wp\/v2\/pages\/507\/revisions\/508"}],"wp:attachment":[{"href":"https:\/\/telehaz.org\/mk\/wp-json\/wp\/v2\/media?parent=507"}],"curies":[{"name":"wp","href":"https:\/\/api.w.org\/{rel}","templated":true}]}}