{"id":205,"date":"2019-06-20T07:33:39","date_gmt":"2019-06-20T07:33:39","guid":{"rendered":"http:\/\/demo.motothemes.co\/netw5\/ngo\/?page_id=7"},"modified":"2026-04-10T13:50:45","modified_gmt":"2026-04-10T13:50:45","slug":"rolunk","status":"publish","type":"page","link":"https:\/\/telehaz.org\/mk\/rolunk\/","title":{"rendered":"\u0417\u0430 \u043d\u0430\u0441"},"content":{"rendered":"<div class=\"wpb-content-wrapper\"><div data-vc-full-width=\"true\" data-vc-full-width-init=\"false\" class=\"vc_row wpb_row vc_row-fluid\"><div class=\"wpb_column vc_column_container vc_col-sm-6\"><div class=\"vc_column-inner pixel_custom_69f3575d9142b\"><div class=\"wpb_wrapper\"><section class=\"pixel_fancy_heading text-left border_bottom pixel_69f3575d914a9\"><h2>\u0417\u0430 \u043e\u0440\u0433\u0430\u043d\u0438\u0437\u0430\u0446\u0438\u0458\u0430\u0442\u0430<\/h2><\/section><div class=\"pixel_69f3575d914d0\"><\/div>\n\t<div class=\"wpb_text_column wpb_content_element\" >\n\t\t<div class=\"wpb_wrapper\">\n\t\t\t<p data-prosemirror-content-type=\"node\" data-prosemirror-node-name=\"paragraph\" data-prosemirror-node-block=\"true\" data-pm-slice=\"1 1 &#091;&#093;\">Teleh\u00e1z \u2013 \u0414\u0440\u0443\u0448\u0442\u0432\u043e \u043d\u0430 \u0423\u043d\u0433\u0430\u0440\u0446\u0438\u0442\u0435 \u0432\u043e \u041c\u0430\u043a\u0435\u0434\u043e\u043d\u0438\u0458\u0430 \u0435 \u043d\u0435\u043f\u0440\u043e\u0444\u0438\u0442\u043d\u0430 \u043a\u0443\u043b\u0442\u0443\u0440\u043d\u0430 \u043e\u0440\u0433\u0430\u043d\u0438\u0437\u0430\u0446\u0438\u0458\u0430 \u043a\u043e\u0458\u0430 \u0433\u0438 \u043e\u0431\u0435\u0434\u0438\u043d\u0443\u0432\u0430 \u043f\u0440\u0438\u043f\u0430\u0434\u043d\u0438\u0446\u0438\u0442\u0435 \u043d\u0430 \u0443\u043d\u0433\u0430\u0440\u0441\u043a\u0430\u0442\u0430 \u0437\u0430\u0435\u0434\u043d\u0438\u0446\u0430 \u0432\u043e \u0420\u0435\u043f\u0443\u0431\u043b\u0438\u043a\u0430 \u0421\u0435\u0432\u0435\u0440\u043d\u0430 \u041c\u0430\u043a\u0435\u0434\u043e\u043d\u0438\u0458\u0430. \u041e\u0440\u0433\u0430\u043d\u0438\u0437\u0430\u0446\u0438\u0458\u0430\u0442\u0430 \u0435 \u043e\u0441\u043d\u043e\u0432\u0430\u043d\u0430 \u0441\u043e \u0446\u0435\u043b \u0437\u0430\u0447\u0443\u0432\u0443\u0432\u0430\u045a\u0435, \u043d\u0435\u0433\u0443\u0432\u0430\u045a\u0435 \u0438 \u043f\u0440\u043e\u043c\u043e\u0446\u0438\u0458\u0430 \u043d\u0430 \u0443\u043d\u0433\u0430\u0440\u0441\u043a\u0430\u0442\u0430 \u043a\u0443\u043b\u0442\u0443\u0440\u0430, \u0442\u0440\u0430\u0434\u0438\u0446\u0438\u0458\u0430 \u0438 \u0458\u0430\u0437\u0438\u043a, \u043a\u0430\u043a\u043e \u0438 \u0437\u0430 \u0440\u0430\u0437\u0432\u043e\u0458 \u043d\u0430 \u043f\u0440\u0438\u0458\u0430\u0442\u0435\u043b\u0441\u043a\u0438 \u043e\u0434\u043d\u043e\u0441\u0438 \u0438 \u043a\u0443\u043b\u0442\u0443\u0440\u043d\u0430 \u0441\u043e\u0440\u0430\u0431\u043e\u0442\u043a\u0430 \u043c\u0435\u0453\u0443 \u041c\u0430\u043a\u0435\u0434\u043e\u043d\u0438\u0458\u0430 \u0438 \u0423\u043d\u0433\u0430\u0440\u0438\u0458\u0430.<\/p>\n<p data-prosemirror-content-type=\"node\" data-prosemirror-node-name=\"paragraph\" data-prosemirror-node-block=\"true\">\u041f\u0440\u0435\u043a\u0443 \u0440\u0430\u0437\u043b\u0438\u0447\u043d\u0438 \u043a\u0443\u043b\u0442\u0443\u0440\u043d\u0438 \u0430\u043a\u0442\u0438\u0432\u043d\u043e\u0441\u0442\u0438, \u043d\u0430\u0441\u0442\u0430\u043d\u0438 \u0438 \u0437\u0430\u0435\u0434\u043d\u0438\u0447\u043a\u0438 \u0438\u043d\u0438\u0446\u0438\u0458\u0430\u0442\u0438\u0432\u0438, Teleh\u00e1z \u0441\u043e\u0437\u0434\u0430\u0432\u0430 \u043f\u0440\u043e\u0441\u0442\u043e\u0440 \u0437\u0430 \u043f\u043e\u0432\u0440\u0437\u0443\u0432\u0430\u045a\u0435 \u043d\u0430 \u043b\u0443\u0453\u0435\u0442\u043e, \u0437\u0430 \u043f\u0440\u043e\u043c\u043e\u0446\u0438\u0458\u0430 \u043d\u0430 \u043a\u0443\u043b\u0442\u0443\u0440\u043d\u043e\u0442\u043e \u043d\u0430\u0441\u043b\u0435\u0434\u0441\u0442\u0432\u043e \u0438 \u0437\u0430 \u0440\u0430\u0437\u0432\u043e\u0458 \u043d\u0430 \u043c\u0443\u043b\u0442\u0438\u043a\u0443\u043b\u0442\u0443\u0440\u0435\u043d \u0434\u0438\u0458\u0430\u043b\u043e\u0433 \u0432\u043e \u043e\u043f\u0448\u0442\u0435\u0441\u0442\u0432\u043e\u0442\u043e.<\/p>\n<p data-prosemirror-content-type=\"node\" data-prosemirror-node-name=\"paragraph\" data-prosemirror-node-block=\"true\">\u041e\u0440\u0433\u0430\u043d\u0438\u0437\u0430\u0446\u0438\u0458\u0430\u0442\u0430 \u0430\u043a\u0442\u0438\u0432\u043d\u043e \u043e\u0440\u0433\u0430\u043d\u0438\u0437\u0438\u0440\u0430 \u043a\u0443\u043b\u0442\u0443\u0440\u043d\u0438 \u043d\u0430\u0441\u0442\u0430\u043d\u0438, \u0442\u0440\u0430\u0434\u0438\u0446\u0438\u043e\u043d\u0430\u043b\u043d\u0438 \u0441\u043e\u0431\u0438\u0440\u0438, \u0433\u0430\u0441\u0442\u0440\u043e\u043d\u043e\u043c\u0441\u043a\u0438 \u043f\u0440\u0435\u0437\u0435\u043d\u0442\u0430\u0446\u0438\u0438, \u043c\u0443\u0437\u0438\u0447\u043a\u0438 \u0438 \u043a\u043d\u0438\u0436\u0435\u0432\u043d\u0438 \u0432\u0435\u0447\u0435\u0440\u0438, \u043a\u0430\u043a\u043e \u0438 \u0434\u0440\u0443\u0433\u0438 \u0430\u043a\u0442\u0438\u0432\u043d\u043e\u0441\u0442\u0438 \u043a\u043e\u0438 \u0458\u0430 \u043f\u0440\u043e\u043c\u043e\u0432\u0438\u0440\u0430\u0430\u0442 \u0443\u043d\u0433\u0430\u0440\u0441\u043a\u0430\u0442\u0430 \u043a\u0443\u043b\u0442\u0443\u0440\u0430 \u0432\u043e \u041c\u0430\u043a\u0435\u0434\u043e\u043d\u0438\u0458\u0430.<\/p>\n<p data-prosemirror-content-type=\"node\" data-prosemirror-node-name=\"paragraph\" data-prosemirror-node-block=\"true\">Teleh\u00e1z \u0441\u043e\u0440\u0430\u0431\u043e\u0442\u0443\u0432\u0430 \u0441\u043e \u043b\u043e\u043a\u0430\u043b\u043d\u0438 \u0438\u043d\u0441\u0442\u0438\u0442\u0443\u0446\u0438\u0438, \u043e\u043f\u0448\u0442\u0438\u043d\u0438 \u0438 \u043a\u0443\u043b\u0442\u0443\u0440\u043d\u0438 \u043e\u0440\u0433\u0430\u043d\u0438\u0437\u0430\u0446\u0438\u0438 \u0441\u043e \u0446\u0435\u043b \u0440\u0430\u0437\u0432\u043e\u0458 \u043d\u0430 \u0437\u0430\u0435\u0434\u043d\u0438\u0447\u043a\u0438 \u043a\u0443\u043b\u0442\u0443\u0440\u043d\u0438 \u043f\u0440\u043e\u0435\u043a\u0442\u0438 \u0438 \u043d\u0430\u0441\u0442\u0430\u043d\u0438.<\/p>\n<p data-prosemirror-content-type=\"node\" data-prosemirror-node-name=\"paragraph\" data-prosemirror-node-block=\"true\">\u041f\u043e\u0441\u0435\u0431\u043d\u043e \u0437\u043d\u0430\u0447\u0430\u0458\u043d\u0430 \u0435 \u0438 \u0441\u043e\u0440\u0430\u0431\u043e\u0442\u043a\u0430\u0442\u0430 \u0441\u043e <strong data-prosemirror-content-type=\"mark\" data-prosemirror-mark-name=\"strong\">\u0410\u043c\u0431\u0430\u0441\u0430\u0434\u0430\u0442\u0430 \u043d\u0430 \u0423\u043d\u0433\u0430\u0440\u0438\u0458\u0430 \u0432\u043e \u0420\u0435\u043f\u0443\u0431\u043b\u0438\u043a\u0430 \u0421\u0435\u0432\u0435\u0440\u043d\u0430 \u041c\u0430\u043a\u0435\u0434\u043e\u043d\u0438\u0458\u0430,<\/strong> \u043a\u043e\u0458\u0430 \u043f\u0440\u0435\u0442\u0441\u0442\u0430\u0432\u0443\u0432\u0430 \u0432\u0430\u0436\u0435\u043d \u043f\u0430\u0440\u0442\u043d\u0435\u0440 \u0432\u043e \u043f\u043e\u0434\u0434\u0440\u0448\u043a\u0430\u0442\u0430 \u043d\u0430 \u043a\u0443\u043b\u0442\u0443\u0440\u043d\u0438\u0442\u0435 \u0430\u043a\u0442\u0438\u0432\u043d\u043e\u0441\u0442\u0438 \u0438 \u0438\u043d\u0438\u0446\u0438\u0458\u0430\u0442\u0438\u0432\u0438 \u043d\u0430 \u043e\u0440\u0433\u0430\u043d\u0438\u0437\u0430\u0446\u0438\u0458\u0430\u0442\u0430. \u041f\u0440\u0435\u043a\u0443 \u043e\u0432\u0430\u0430 \u0441\u043e\u0440\u0430\u0431\u043e\u0442\u043a\u0430 \u0441\u0435 \u0440\u0435\u0430\u043b\u0438\u0437\u0438\u0440\u0430\u0430\u0442 \u0440\u0430\u0437\u043b\u0438\u0447\u043d\u0438 \u043a\u0443\u043b\u0442\u0443\u0440\u043d\u0438 \u043f\u0440\u043e\u0433\u0440\u0430\u043c\u0438 \u0438 \u043d\u0430\u0441\u0442\u0430\u043d\u0438 \u043a\u043e\u0438 \u043f\u0440\u0438\u0434\u043e\u043d\u0435\u0441\u0443\u0432\u0430\u0430\u0442 \u0437\u0430 \u0437\u0430\u0458\u0430\u043a\u043d\u0443\u0432\u0430\u045a\u0435 \u043d\u0430 \u043a\u0443\u043b\u0442\u0443\u0440\u043d\u0438\u0442\u0435 \u0432\u0440\u0441\u043a\u0438 \u043c\u0435\u0453\u0443 \u0434\u0432\u0435\u0442\u0435 \u0434\u0440\u0436\u0430\u0432\u0438.<\/p>\n\n\t\t<\/div>\n\t<\/div>\n<div class=\"pixel_69f3575d915d9\"><\/div><\/div><\/div><\/div><div class=\"wpb_column vc_column_container vc_col-sm-6\"><div class=\"vc_column-inner pixel_custom_69f3575d9169d\"><div class=\"wpb_wrapper\"><section class=\"pixel_fancy_heading text-left border_bottom pixel_69f3575d916e0\"><h2>\u041c\u0438\u0441\u0438\u0458\u0430<\/h2><\/section><div class=\"pixel_69f3575d916f7\"><\/div>\n\t<div class=\"wpb_text_column wpb_content_element\" >\n\t\t<div class=\"wpb_wrapper\">\n\t\t\t<p data-prosemirror-content-type=\"node\" data-prosemirror-node-name=\"paragraph\" data-prosemirror-node-block=\"true\" data-pm-slice=\"1 1 &#091;&#093;\">\u041c\u0438\u0441\u0438\u0458\u0430\u0442\u0430 \u043d\u0430 Teleh\u00e1z \u0435 \u0434\u0430 \u0458\u0430 \u0437\u0430\u0447\u0443\u0432\u0430 \u0438 \u043f\u0440\u043e\u043c\u043e\u0432\u0438\u0440\u0430 \u0443\u043d\u0433\u0430\u0440\u0441\u043a\u0430\u0442\u0430 \u043a\u0443\u043b\u0442\u0443\u0440\u0430, \u0442\u0440\u0430\u0434\u0438\u0446\u0438\u0458\u0430 \u0438 \u0458\u0430\u0437\u0438\u043a \u0432\u043e \u041c\u0430\u043a\u0435\u0434\u043e\u043d\u0438\u0458\u0430, \u043a\u0430\u043a\u043e \u0438 \u0434\u0430 \u0441\u043e\u0437\u0434\u0430\u0434\u0435 \u0430\u043a\u0442\u0438\u0432\u043d\u0430 \u0437\u0430\u0435\u0434\u043d\u0438\u0446\u0430 \u043a\u043e\u0458\u0430 \u0433\u0438 \u043f\u043e\u0432\u0440\u0437\u0443\u0432\u0430 \u0443\u043d\u0433\u0430\u0440\u0446\u0438\u0442\u0435 \u0432\u043e \u0437\u0435\u043c\u0458\u0430\u0442\u0430 \u0438 \u043f\u0440\u0438\u0434\u043e\u043d\u0435\u0441\u0443\u0432\u0430 \u0437\u0430 \u0440\u0430\u0437\u0432\u043e\u0458 \u043d\u0430 \u043a\u0443\u043b\u0442\u0443\u0440\u043d\u0430\u0442\u0430 \u0441\u043e\u0440\u0430\u0431\u043e\u0442\u043a\u0430 \u043c\u0435\u0453\u0443 \u0434\u0432\u0430\u0442\u0430 \u043d\u0430\u0440\u043e\u0434\u0430.<\/p>\n\n\t\t<\/div>\n\t<\/div>\n<div class=\"pixel_69f3575d9178a\"><\/div><section class=\"pixel_fancy_heading text-left border_bottom pixel_69f3575d9179b\"><h2>\u0412\u0438\u0437\u0438\u0458\u0430<\/h2><\/section><div class=\"pixel_69f3575d917af\"><\/div>\n\t<div class=\"wpb_text_column wpb_content_element\" >\n\t\t<div class=\"wpb_wrapper\">\n\t\t\t<p data-prosemirror-content-type=\"node\" data-prosemirror-node-name=\"paragraph\" data-prosemirror-node-block=\"true\" data-pm-slice=\"1 1 &#091;&#093;\">\u041d\u0430\u0448\u0430\u0442\u0430 \u0432\u0438\u0437\u0438\u0458\u0430 \u0435 Teleh\u00e1z \u0434\u0430 \u0431\u0438\u0434\u0435 \u043f\u0440\u0435\u043f\u043e\u0437\u043d\u0430\u0442\u043b\u0438\u0432 \u043a\u0443\u043b\u0442\u0443\u0440\u0435\u043d \u0446\u0435\u043d\u0442\u0430\u0440 \u0438 \u043c\u0435\u0441\u0442\u043e \u043d\u0430 \u043f\u043e\u0432\u0440\u0437\u0443\u0432\u0430\u045a\u0435 \u0437\u0430 \u0443\u043d\u0433\u0430\u0440\u0441\u043a\u0430\u0442\u0430 \u0437\u0430\u0435\u0434\u043d\u0438\u0446\u0430 \u0432\u043e \u041c\u0430\u043a\u0435\u0434\u043e\u043d\u0438\u0458\u0430, \u043a\u043e\u0458 \u043f\u0440\u0435\u043a\u0443 \u043a\u0443\u043b\u0442\u0443\u0440\u0430, \u0442\u0440\u0430\u0434\u0438\u0446\u0438\u0458\u0430 \u0438 \u0441\u043e\u0440\u0430\u0431\u043e\u0442\u043a\u0430 \u043f\u0440\u0438\u0434\u043e\u043d\u0435\u0441\u0443\u0432\u0430 \u0437\u0430 \u0437\u0430\u0458\u0430\u043a\u043d\u0443\u0432\u0430\u045a\u0435 \u043d\u0430 \u043f\u0440\u0438\u0458\u0430\u0442\u0435\u043b\u0441\u0442\u0432\u043e\u0442\u043e \u0438 \u0440\u0430\u0437\u0431\u0438\u0440\u0430\u045a\u0435\u0442\u043e \u043c\u0435\u0453\u0443 \u041c\u0430\u043a\u0435\u0434\u043e\u043d\u0438\u0458\u0430 \u0438 \u0423\u043d\u0433\u0430\u0440\u0438\u0458\u0430.<\/p>\n\n\t\t<\/div>\n\t<\/div>\n<div class=\"pixel_69f3575d9183a\"><\/div><\/div><\/div><\/div><\/div><div class=\"vc_row-full-width vc_clearfix\"><\/div>\n<\/div>","protected":false},"excerpt":{"rendered":"A szervezetr\u0151l A Teleh\u00e1z \u2013 a Maced\u00f3ni\u00e1ban \u00e9l\u0151 magyarok k\u00f6z\u00f6ss\u00e9ge \u2013 egy nonprofit kultur\u00e1lis szervezet, amely a Maced\u00f3ni\u00e1ban \u00e9l\u0151 magyar.","protected":false},"author":1,"featured_media":0,"parent":0,"menu_order":0,"comment_status":"closed","ping_status":"closed","template":"","meta":{"_monsterinsights_skip_tracking":false,"_monsterinsights_sitenote_active":false,"_monsterinsights_sitenote_note":"","_monsterinsights_sitenote_category":0,"footnotes":""},"class_list":["post-205","page","type-page","status-publish","hentry"],"yoast_head":"<!-- This site is optimized with the Yoast SEO plugin v27.1.1 - https:\/\/yoast.com\/product\/yoast-seo-wordpress\/ -->\n<title>R\u00f3lunk - telehaz<\/title>\n<meta name=\"robots\" content=\"index, follow, max-snippet:-1, max-image-preview:large, max-video-preview:-1\" \/>\n<link rel=\"canonical\" href=\"https:\/\/telehaz.org\/mk\/rolunk\/\" \/>\n<meta property=\"og:locale\" content=\"mk_MK\" \/>\n<meta property=\"og:type\" content=\"article\" \/>\n<meta property=\"og:title\" content=\"R\u00f3lunk - telehaz\" \/>\n<meta property=\"og:url\" content=\"https:\/\/telehaz.org\/mk\/rolunk\/\" \/>\n<meta property=\"og:site_name\" content=\"telehaz\" \/>\n<meta property=\"article:modified_time\" content=\"2026-04-10T13:50:45+00:00\" \/>\n<meta name=\"twitter:card\" content=\"summary_large_image\" \/>\n<meta name=\"twitter:label1\" content=\"Est. reading time\" \/>\n\t<meta name=\"twitter:data1\" content=\"2 \u043c\u0438\u043d\u0443\u0442\u0438\" \/>\n<script type=\"application\/ld+json\" class=\"yoast-schema-graph\">{\"@context\":\"https:\/\/schema.org\",\"@graph\":[{\"@type\":\"WebPage\",\"@id\":\"https:\/\/telehaz.org\/rolunk\/\",\"url\":\"https:\/\/telehaz.org\/rolunk\/\",\"name\":\"R\u00f3lunk - telehaz\",\"isPartOf\":{\"@id\":\"https:\/\/telehaz.org\/#website\"},\"datePublished\":\"2019-06-20T07:33:39+00:00\",\"dateModified\":\"2026-04-10T13:50:45+00:00\",\"breadcrumb\":{\"@id\":\"https:\/\/telehaz.org\/rolunk\/#breadcrumb\"},\"inLanguage\":\"mk-MK\",\"potentialAction\":[{\"@type\":\"ReadAction\",\"target\":[\"https:\/\/telehaz.org\/rolunk\/\"]}]},{\"@type\":\"BreadcrumbList\",\"@id\":\"https:\/\/telehaz.org\/rolunk\/#breadcrumb\",\"itemListElement\":[{\"@type\":\"ListItem\",\"position\":1,\"name\":\"Home\",\"item\":\"https:\/\/telehaz.org\/\"},{\"@type\":\"ListItem\",\"position\":2,\"name\":\"R\u00f3lunk\"}]},{\"@type\":\"WebSite\",\"@id\":\"https:\/\/telehaz.org\/#website\",\"url\":\"https:\/\/telehaz.org\/\",\"name\":\"telehaz\",\"description\":\"\",\"publisher\":{\"@id\":\"https:\/\/telehaz.org\/#organization\"},\"potentialAction\":[{\"@type\":\"SearchAction\",\"target\":{\"@type\":\"EntryPoint\",\"urlTemplate\":\"https:\/\/telehaz.org\/?s={search_term_string}\"},\"query-input\":{\"@type\":\"PropertyValueSpecification\",\"valueRequired\":true,\"valueName\":\"search_term_string\"}}],\"inLanguage\":\"mk-MK\"},{\"@type\":\"Organization\",\"@id\":\"https:\/\/telehaz.org\/#organization\",\"name\":\"telehaz\",\"url\":\"https:\/\/telehaz.org\/\",\"logo\":{\"@type\":\"ImageObject\",\"inLanguage\":\"mk-MK\",\"@id\":\"https:\/\/telehaz.org\/#\/schema\/logo\/image\/\",\"url\":\"https:\/\/telehaz.org\/wp-content\/uploads\/2026\/03\/cropped-cropped-485774272_1126253836207625_3465147681560552661_n.png\",\"contentUrl\":\"https:\/\/telehaz.org\/wp-content\/uploads\/2026\/03\/cropped-cropped-485774272_1126253836207625_3465147681560552661_n.png\",\"width\":999,\"height\":572,\"caption\":\"telehaz\"},\"image\":{\"@id\":\"https:\/\/telehaz.org\/#\/schema\/logo\/image\/\"}}]}<\/script>\n<!-- \/ Yoast SEO plugin. -->","yoast_head_json":{"title":"R\u00f3lunk - telehaz","robots":{"index":"index","follow":"follow","max-snippet":"max-snippet:-1","max-image-preview":"max-image-preview:large","max-video-preview":"max-video-preview:-1"},"canonical":"https:\/\/telehaz.org\/mk\/rolunk\/","og_locale":"mk_MK","og_type":"article","og_title":"R\u00f3lunk - telehaz","og_url":"https:\/\/telehaz.org\/mk\/rolunk\/","og_site_name":"telehaz","article_modified_time":"2026-04-10T13:50:45+00:00","twitter_card":"summary_large_image","twitter_misc":{"Est. reading time":"2 \u043c\u0438\u043d\u0443\u0442\u0438"},"schema":{"@context":"https:\/\/schema.org","@graph":[{"@type":"WebPage","@id":"https:\/\/telehaz.org\/rolunk\/","url":"https:\/\/telehaz.org\/rolunk\/","name":"R\u00f3lunk - telehaz","isPartOf":{"@id":"https:\/\/telehaz.org\/#website"},"datePublished":"2019-06-20T07:33:39+00:00","dateModified":"2026-04-10T13:50:45+00:00","breadcrumb":{"@id":"https:\/\/telehaz.org\/rolunk\/#breadcrumb"},"inLanguage":"mk-MK","potentialAction":[{"@type":"ReadAction","target":["https:\/\/telehaz.org\/rolunk\/"]}]},{"@type":"BreadcrumbList","@id":"https:\/\/telehaz.org\/rolunk\/#breadcrumb","itemListElement":[{"@type":"ListItem","position":1,"name":"Home","item":"https:\/\/telehaz.org\/"},{"@type":"ListItem","position":2,"name":"R\u00f3lunk"}]},{"@type":"WebSite","@id":"https:\/\/telehaz.org\/#website","url":"https:\/\/telehaz.org\/","name":"telehaz","description":"","publisher":{"@id":"https:\/\/telehaz.org\/#organization"},"potentialAction":[{"@type":"SearchAction","target":{"@type":"EntryPoint","urlTemplate":"https:\/\/telehaz.org\/?s={search_term_string}"},"query-input":{"@type":"PropertyValueSpecification","valueRequired":true,"valueName":"search_term_string"}}],"inLanguage":"mk-MK"},{"@type":"Organization","@id":"https:\/\/telehaz.org\/#organization","name":"telehaz","url":"https:\/\/telehaz.org\/","logo":{"@type":"ImageObject","inLanguage":"mk-MK","@id":"https:\/\/telehaz.org\/#\/schema\/logo\/image\/","url":"https:\/\/telehaz.org\/wp-content\/uploads\/2026\/03\/cropped-cropped-485774272_1126253836207625_3465147681560552661_n.png","contentUrl":"https:\/\/telehaz.org\/wp-content\/uploads\/2026\/03\/cropped-cropped-485774272_1126253836207625_3465147681560552661_n.png","width":999,"height":572,"caption":"telehaz"},"image":{"@id":"https:\/\/telehaz.org\/#\/schema\/logo\/image\/"}}]}},"_links":{"self":[{"href":"https:\/\/telehaz.org\/mk\/wp-json\/wp\/v2\/pages\/205","targetHints":{"allow":["GET"]}}],"collection":[{"href":"https:\/\/telehaz.org\/mk\/wp-json\/wp\/v2\/pages"}],"about":[{"href":"https:\/\/telehaz.org\/mk\/wp-json\/wp\/v2\/types\/page"}],"author":[{"embeddable":true,"href":"https:\/\/telehaz.org\/mk\/wp-json\/wp\/v2\/users\/1"}],"replies":[{"embeddable":true,"href":"https:\/\/telehaz.org\/mk\/wp-json\/wp\/v2\/comments?post=205"}],"version-history":[{"count":5,"href":"https:\/\/telehaz.org\/mk\/wp-json\/wp\/v2\/pages\/205\/revisions"}],"predecessor-version":[{"id":512,"href":"https:\/\/telehaz.org\/mk\/wp-json\/wp\/v2\/pages\/205\/revisions\/512"}],"wp:attachment":[{"href":"https:\/\/telehaz.org\/mk\/wp-json\/wp\/v2\/media?parent=205"}],"curies":[{"name":"wp","href":"https:\/\/api.w.org\/{rel}","templated":true}]}}