{"id":204,"date":"2019-06-20T07:33:25","date_gmt":"2019-06-20T07:33:25","guid":{"rendered":"http:\/\/demo.motothemes.co\/netw5\/ngo\/?page_id=5"},"modified":"2026-03-14T09:27:19","modified_gmt":"2026-03-14T09:27:19","slug":"home","status":"publish","type":"page","link":"https:\/\/telehaz.org\/mk\/","title":{"rendered":"Home"},"content":{"rendered":"<div class=\"wpb-content-wrapper\"><div data-vc-full-width=\"true\" data-vc-full-width-init=\"false\" class=\"vc_row wpb_row vc_row-fluid\"><div class=\"wpb_column vc_column_container vc_col-sm-12\"><div class=\"vc_column-inner pixel_custom_69f3467238dee\"><div class=\"wpb_wrapper\">\n\t\t\t\t<p class=\"rs-p-wp-fix\"><\/p>\n\t\t\t\t<sr7-module data-alias=\"ngo_main_slider\" data-id=\"1\" id=\"SR7_1_1\" class=\"rs-ov-hidden\" data-version=\"6.7.50\">\n\t\t\t\t\t<sr7-adjuster><\/sr7-adjuster>\n\t\t\t\t\t<sr7-content>\n\t\t\t\t\t\t<sr7-slide id=\"SR7_1_1-3\" data-key=\"3\">\n\t\t\t\t\t\t\t<sr7-bg id=\"SR7_1_1-3-4\" class=\"sr7-layer\"><noscript><img decoding=\"async\" src=\"https:\/\/telehaz.org\/wp-content\/uploads\/2026\/03\/\u201eA-hagyomany-orzese-a-baratsag-epitese-5.jpg\" alt=\"\" title=\"\u201eA hagyom\u00e1ny \u0151rz\u00e9se, a bar\u00e1ts\u00e1g \u00e9p\u00edt\u00e9se\u201d (5)\"><\/noscript><\/sr7-bg>\n\t\t\t\t\t\t\t<sr7-txt id=\"SR7_1_1-3-1\" class=\"sr7-layer\">Teleh\u00e1z<\/sr7-txt>\n\t\t\t\t\t\t\t<sr7-txt id=\"SR7_1_1-3-3\" class=\"sr7-layer\">A Maced\u00f3niai Magyarok K\u00f6z\u00f6ss\u00e9ge<\/sr7-txt>\n\t\t\t\t\t\t<\/sr7-slide>\n\t\t\t\t\t\t<sr7-slide id=\"SR7_1_1-2\" data-key=\"2\">\n\t\t\t\t\t\t\t<sr7-bg id=\"SR7_1_1-2-1\" class=\"sr7-layer\"><noscript><img decoding=\"async\" src=\"https:\/\/telehaz.org\/wp-content\/uploads\/2026\/03\/\u201eA-hagyomany-orzese-a-baratsag-epitese-7.jpg\" alt=\"\" title=\"\u201eA hagyom\u00e1ny \u0151rz\u00e9se, a bar\u00e1ts\u00e1g \u00e9p\u00edt\u00e9se\u201d (7)\"><\/noscript><\/sr7-bg>\n\t\t\t\t\t\t<\/sr7-slide>\n\t\t\t\t\t\t<sr7-slide id=\"SR7_1_1-4\" data-key=\"4\">\n\t\t\t\t\t\t<\/sr7-slide>\n\t\t\t\t\t<\/sr7-content>\n\t\t\t\t\t<image_lists style=\"display:none\">\n\t\t\t\t\t\t<img data-src=\"\/\/telehaz.org\/wp-content\/uploads\/2025\/08\/New-Project-4.jpg\" data-libid=\"314\" data-lib=\"medialibrary\" title=\"New-Project-4.jpg\" width=\"0\" height=\"0\" data-dbsrc=\"Ly90ZWxlaGF6Lm9yZy93cC1jb250ZW50L3VwbG9hZHMvMjAyNS8wOC9OZXctUHJvamVjdC00LmpwZw==\"\/>\n\t\t\t\t\t\t<img data-src=\"\/\/telehaz.org\/wp-content\/uploads\/2025\/08\/New-Project-11.jpg\" data-libid=\"313\" data-lib=\"medialibrary\" title=\"New-Project-11.jpg\" width=\"0\" height=\"0\" data-dbsrc=\"Ly90ZWxlaGF6Lm9yZy93cC1jb250ZW50L3VwbG9hZHMvMjAyNS8wOC9OZXctUHJvamVjdC0xMS5qcGc=\"\/>\n\t\t\t\t\t\t<img data-src=\"\/\/telehaz.org\/wp-content\/uploads\/2026\/03\/\u201eA-hagyomany-orzese-a-baratsag-epitese-7.jpg\" data-libid=\"448\" data-lib=\"medialibrary\" title=\"\u201eA hagyom\u00e1ny \u0151rz\u00e9se, a bar\u00e1ts\u00e1g \u00e9p\u00edt\u00e9se\u201d (7)\" width=\"0\" height=\"0\" data-dbsrc=\"Ly90ZWxlaGF6Lm9yZy93cC1jb250ZW50L3VwbG9hZHMvMjAyNi8wMy\/igJ5BLWhhZ3lvbWFueS1vcnplc2UtYS1iYXJhdHNhZy1lcGl0ZXNlLTcuanBn\"\/>\n\t\t\t\t\t\t<img data-src=\"\/\/telehaz.org\/wp-content\/uploads\/2026\/03\/\u201eA-hagyomany-orzese-a-baratsag-epitese-5.jpg\" data-libid=\"449\" data-lib=\"medialibrary\" title=\"\u201eA hagyom\u00e1ny \u0151rz\u00e9se, a bar\u00e1ts\u00e1g \u00e9p\u00edt\u00e9se\u201d (5)\" width=\"0\" height=\"0\" data-dbsrc=\"Ly90ZWxlaGF6Lm9yZy93cC1jb250ZW50L3VwbG9hZHMvMjAyNi8wMy\/igJ5BLWhhZ3lvbWFueS1vcnplc2UtYS1iYXJhdHNhZy1lcGl0ZXNlLTUuanBn\"\/>\n\t\t\t\t\t<\/image_lists>\n\t\t\t\t<\/sr7-module>\n\t\t\t\t<script>\n\t\t\t\t\twindow.SR7 ??={};SR7.PMH ??={}; SR7.PMH[\"SR7_1_1\"] = {cn:100,state:false,fn: function() { if (_tpt!==undefined && _tpt.prepareModuleHeight !== undefined) {  _tpt.prepareModuleHeight({id:\"SR7_1_1\",el:[800,800,700,550,550],type:'standard',shdw:'0',gh:[800,800,700,550,550],gw:[1240,1240,1024,778,480],vpt:['-100px&#039;,&#039;-100px&#039;,&#039;-100px&#039;,&#039;-100px&#039;,&#039;-100px'],size:{fullWidth:true, fullHeight:false},mh:'0',onh:0,onw:0,bg:{color:'{\"orig\":\"transparent\",\"type\":\"solid\",\"string\":\"transparent\"}'},plType:'0',plColor:'#FFFFFF'});   SR7.PMH[\"SR7_1_1\"].state=true;} else if(SR7.PMH[\"SR7_1_1\"].cn-->0)\tsetTimeout( SR7.PMH[\"SR7_1_1\"].fn,19);}};SR7.PMH[\"SR7_1_1\" ].fn();\n\t\t\t\t<\/script>\n<\/div><\/div><\/div><\/div><div class=\"vc_row-full-width vc_clearfix\"><\/div><div class=\"vc_row wpb_row vc_row-fluid\"><div class=\"wpb_column vc_column_container vc_col-sm-12\"><div class=\"vc_column-inner pixel_custom_69f346723bcd3\"><div class=\"wpb_wrapper\"><div class=\"pixel_69f346723bd62\"><\/div><div class=\"pixel_69f346723bd71\"><\/div><section class=\"pixel_fancy_heading text-left border_bottom pixel_69f346723bd8a\"><h2>Kik vagyunk?<\/h2><\/section><div class=\"pixel_69f346723bdab\"><\/div>\n\t<div class=\"wpb_text_column wpb_content_element\" >\n\t\t<div class=\"wpb_wrapper\">\n\t\t\t<p data-prosemirror-content-type=\"node\" data-prosemirror-node-name=\"paragraph\" data-prosemirror-node-block=\"true\" data-pm-slice=\"1 1 &#091;&#093;\">A Teleh\u00e1z egy nonprofit kultur\u00e1lis szervezet, amely \u00f6sszefogja a Maced\u00f3ni\u00e1ban \u00e9l\u0151 magyarokat, \u00e9s akt\u00edvan dolgozik a magyar kult\u00fara, nyelv \u00e9s hagyom\u00e1nyok meg\u0151rz\u00e9s\u00e9n \u00e9s n\u00e9pszer\u0171s\u00edt\u00e9s\u00e9n. K\u00fcl\u00f6nb\u00f6z\u0151 kultur\u00e1lis programokon, esem\u00e9nyeken \u00e9s k\u00f6z\u00f6ss\u00e9gi kezdem\u00e9nyez\u00e9seken kereszt\u00fcl hidat \u00e9p\u00edt a magyar \u00e9s a maced\u00f3n n\u00e9p k\u00f6z\u00f6tt.<\/p>\n<p data-prosemirror-content-type=\"node\" data-prosemirror-node-name=\"paragraph\" data-prosemirror-node-block=\"true\">Szervezet\u00fcnk olyan k\u00f6z\u00f6ss\u00e9gi t\u00e9r, ahol a magyar k\u00f6z\u00f6ss\u00e9g tagjai tal\u00e1lkozhatnak, \u00e1polhatj\u00e1k kultur\u00e1lis \u00f6r\u00f6ks\u00e9g\u00fcket, \u00e9s megoszthatj\u00e1k azt Maced\u00f3nia sz\u00e9lesebb k\u00f6z\u00f6ss\u00e9g\u00e9vel.<\/p>\n\n\t\t<\/div>\n\t<\/div>\n<div class=\"pixel_69f346723beb3\"><\/div><section class=\"pixel_fancy_heading text-left border_bottom pixel_69f346723bec8\"><h2>Tev\u00e9kenys\u00e9geink<\/h2><\/section><div class=\"pixel_69f346723bedf\"><\/div>\n\t<div class=\"wpb_text_column wpb_content_element\" >\n\t\t<div class=\"wpb_wrapper\">\n\t\t\t<p data-prosemirror-content-type=\"node\" data-prosemirror-node-name=\"paragraph\" data-prosemirror-node-block=\"true\" data-pm-slice=\"1 1 &#091;&#093;\">A Teleh\u00e1z k\u00fcl\u00f6nb\u00f6z\u0151 kultur\u00e1lis \u00e9s k\u00f6z\u00f6ss\u00e9gi programokat szervez a magyar kult\u00fara \u00e9s hagyom\u00e1nyok n\u00e9pszer\u0171s\u00edt\u00e9s\u00e9re.<\/p>\n<p data-prosemirror-content-type=\"node\" data-prosemirror-node-name=\"paragraph\" data-prosemirror-node-block=\"true\">Ezek k\u00f6z\u00e9 tartoznak:<\/p>\n<ul class=\"ak-ul\" data-prosemirror-content-type=\"node\" data-prosemirror-node-name=\"bulletList\" data-prosemirror-node-block=\"true\">\n<li data-prosemirror-content-type=\"node\" data-prosemirror-node-name=\"listItem\" data-prosemirror-node-block=\"true\">\n<p data-prosemirror-content-type=\"node\" data-prosemirror-node-name=\"paragraph\" data-prosemirror-node-block=\"true\">kultur\u00e1lis rendezv\u00e9nyek \u00e9s bemutat\u00f3k<\/p>\n<\/li>\n<li data-prosemirror-content-type=\"node\" data-prosemirror-node-name=\"listItem\" data-prosemirror-node-block=\"true\">\n<p data-prosemirror-content-type=\"node\" data-prosemirror-node-name=\"paragraph\" data-prosemirror-node-block=\"true\">gasztron\u00f3miai esem\u00e9nyek hagyom\u00e1nyos magyar \u00e9telekkel<\/p>\n<\/li>\n<li data-prosemirror-content-type=\"node\" data-prosemirror-node-name=\"listItem\" data-prosemirror-node-block=\"true\">\n<p data-prosemirror-content-type=\"node\" data-prosemirror-node-name=\"paragraph\" data-prosemirror-node-block=\"true\">zenei \u00e9s irodalmi estek<\/p>\n<\/li>\n<li data-prosemirror-content-type=\"node\" data-prosemirror-node-name=\"listItem\" data-prosemirror-node-block=\"true\">\n<p data-prosemirror-content-type=\"node\" data-prosemirror-node-name=\"paragraph\" data-prosemirror-node-block=\"true\">hagyom\u00e1ny\u0151rz\u0151 tal\u00e1lkoz\u00f3k \u00e9s k\u00f6z\u00f6ss\u00e9gi programok<\/p>\n<\/li>\n<\/ul>\n<p data-prosemirror-content-type=\"node\" data-prosemirror-node-name=\"paragraph\" data-prosemirror-node-block=\"true\">A szervezet minden \u00e9vben k\u00f6z\u00f6ss\u00e9gi tal\u00e1lkoz\u00f3kat \u00e9s esem\u00e9nyeket szervez a tagok \u00e9s a bar\u00e1tok sz\u00e1m\u00e1ra, valamint egy\u00fcttm\u0171k\u00f6dik helyi int\u00e9zm\u00e9nyekkel \u00e9s \u00f6nkorm\u00e1nyzatokkal.<\/p>\n\n\t\t<\/div>\n\t<\/div>\n<div class=\"pixel_69f346723bf99\"><\/div><section class=\"pixel_fancy_heading text-left border_bottom pixel_69f346723bfab\"><h2>K\u00f6z\u00f6ss\u00e9g \u00e9s egy\u00fcttm\u0171k\u00f6d\u00e9s<\/h2><\/section><div class=\"pixel_69f346723bfc0\"><\/div>\n\t<div class=\"wpb_text_column wpb_content_element\" >\n\t\t<div class=\"wpb_wrapper\">\n\t\t\t<p data-prosemirror-content-type=\"node\" data-prosemirror-node-name=\"paragraph\" data-prosemirror-node-block=\"true\" data-pm-slice=\"1 1 &#091;&#093;\">A Teleh\u00e1z akt\u00edvan hozz\u00e1j\u00e1rul a magyar\u2013maced\u00f3n kultur\u00e1lis kapcsolatok fejleszt\u00e9s\u00e9hez. A szervezet j\u00f3 kapcsolatokat \u00e1pol helyi \u00f6nkorm\u00e1nyzatokkal, int\u00e9zm\u00e9nyekkel \u00e9s kultur\u00e1lis szervezetekkel.<\/p>\n<p data-prosemirror-content-type=\"node\" data-prosemirror-node-name=\"paragraph\" data-prosemirror-node-block=\"true\">Ezek az egy\u00fcttm\u0171k\u00f6d\u00e9sek sz\u00e1mos k\u00f6z\u00f6s rendezv\u00e9ny \u00e9s projekt megval\u00f3s\u00edt\u00e1s\u00e1t teszik lehet\u0151v\u00e9, amelyek er\u0151s\u00edtik a kultur\u00e1lis p\u00e1rbesz\u00e9det \u00e9s a k\u00f6z\u00f6ss\u00e9gek k\u00f6z\u00f6tti kapcsolatokat.<\/p>\n\n\t\t<\/div>\n\t<\/div>\n<div class=\"pixel_69f346723c053\"><\/div><section class=\"pixel_fancy_heading text-left border_bottom pixel_69f346723c064\"><h2>Rendezv\u00e9nyeink<\/h2><\/section><div class=\"pixel_69f346723c078\"><\/div>\n\t<div class=\"wpb_text_column wpb_content_element\" >\n\t\t<div class=\"wpb_wrapper\">\n\t\t\t<p data-prosemirror-content-type=\"node\" data-prosemirror-node-name=\"paragraph\" data-prosemirror-node-block=\"true\" data-pm-slice=\"1 1 &#091;&#093;\">Az \u00e9v folyam\u00e1n a Teleh\u00e1z k\u00fcl\u00f6nb\u00f6z\u0151 hagyom\u00e1nyos \u00e9s kultur\u00e1lis esem\u00e9nyeket szervez, t\u00f6bbek k\u00f6z\u00f6tt:<\/p>\n<ul class=\"ak-ul\" data-prosemirror-content-type=\"node\" data-prosemirror-node-name=\"bulletList\" data-prosemirror-node-block=\"true\">\n<li data-prosemirror-content-type=\"node\" data-prosemirror-node-name=\"listItem\" data-prosemirror-node-block=\"true\">\n<p data-prosemirror-content-type=\"node\" data-prosemirror-node-name=\"paragraph\" data-prosemirror-node-block=\"true\">\u00e9ves k\u00f6z\u00f6ss\u00e9gi tal\u00e1lkoz\u00f3k \u00e9s kultur\u00e1lis rendezv\u00e9nyek<\/p>\n<\/li>\n<li data-prosemirror-content-type=\"node\" data-prosemirror-node-name=\"listItem\" data-prosemirror-node-block=\"true\">\n<p data-prosemirror-content-type=\"node\" data-prosemirror-node-name=\"paragraph\" data-prosemirror-node-block=\"true\">hagyom\u00e1nyos gasztron\u00f3miai esem\u00e9nyek<\/p>\n<\/li>\n<li data-prosemirror-content-type=\"node\" data-prosemirror-node-name=\"listItem\" data-prosemirror-node-block=\"true\">\n<p data-prosemirror-content-type=\"node\" data-prosemirror-node-name=\"paragraph\" data-prosemirror-node-block=\"true\">kultur\u00e1lis programok \u00e9s bemutat\u00f3k<\/p>\n<\/li>\n<li data-prosemirror-content-type=\"node\" data-prosemirror-node-name=\"listItem\" data-prosemirror-node-block=\"true\">\n<p data-prosemirror-content-type=\"node\" data-prosemirror-node-name=\"paragraph\" data-prosemirror-node-block=\"true\">kar\u00e1csonyi j\u00f3t\u00e9konys\u00e1gi v\u00e1s\u00e1r Szkopj\u00e9ban<\/p>\n<\/li>\n<\/ul>\n<p data-prosemirror-content-type=\"node\" data-prosemirror-node-name=\"paragraph\" data-prosemirror-node-block=\"true\">Ezek az esem\u00e9nyek lehet\u0151s\u00e9get ny\u00fajtanak a tal\u00e1lkoz\u00e1sra, a magyar kult\u00fara megismer\u00e9s\u00e9re \u00e9s a k\u00f6z\u00f6ss\u00e9gi kapcsolatok er\u0151s\u00edt\u00e9s\u00e9re.<\/p>\n\n\t\t<\/div>\n\t<\/div>\n<div class=\"pixel_69f346723c11c\"><\/div><section class=\"pixel_fancy_heading text-left border_bottom pixel_69f346723c12d\"><h2>Csatlakozzon k\u00f6z\u00f6ss\u00e9g\u00fcnkh\u00f6z<\/h2><\/section><div class=\"pixel_69f346723c140\"><\/div>\n\t<div class=\"wpb_text_column wpb_content_element\" >\n\t\t<div class=\"wpb_wrapper\">\n\t\t\t<p data-prosemirror-content-type=\"node\" data-prosemirror-node-name=\"paragraph\" data-prosemirror-node-block=\"true\" data-pm-slice=\"1 1 &#091;&#093;\">Ha \u00e9rdekl\u0151dik a magyar kult\u00fara, hagyom\u00e1nyok vagy nyelv ir\u00e1nt, illetve szeretne r\u00e9szese lenni k\u00f6z\u00f6ss\u00e9g\u00fcnknek, szeretettel v\u00e1rjuk a Teleh\u00e1z programjain \u00e9s rendezv\u00e9nyein.<\/p>\n\n\t\t<\/div>\n\t<\/div>\n<\/div><\/div><\/div><\/div><div data-vc-full-width=\"true\" data-vc-full-width-init=\"false\" class=\"vc_row wpb_row vc_row-fluid vc_custom_1561101266215 vc_row-has-fill\"><div class=\"wpb_column vc_column_container vc_col-sm-12\"><div class=\"vc_column-inner pixel_custom_69f346723c3e2\"><div class=\"wpb_wrapper\"><div class=\"pixel_69f346723c443\"><\/div><section class=\"pixel_fancy_heading text-center border_bottom pixel_69f346723c457\"><h2>H\u00edr<\/h2><\/section><div class=\"pixel_69f346723c46b\"><\/div><div class=\"pixel_blog_wrapper pixel_blog_style1 pixel_slider_blog pixel_blog_69f346723c47f\"><div class=\"row\"><div class=\"col-xl-12 col-lg-12 col-sm-12 col-12\"><div class=\"pixel_blog_slider pixel_post_slider\" data-slider-data=\"{&quot;columns&quot;:&quot;3&quot;,&quot;arrows&quot;:&quot;off&quot;,&quot;scrollto&quot;:&quot;1&quot;,&quot;dots&quot;:&quot;off&quot;,&quot;autoplay&quot;:&quot;on&quot;,&quot;speed&quot;:&quot;2000&quot;}\"><div class=\"pixel_blog_slides\"><div class=\"pixel_blog_box\"><div class=\"pixel_blog_img\"> \r\n\t\t\t\t\t\t\t\t<a href=\"https:\/\/telehaz.org\/mk\/tele-haz-tele-sziv-farsaaang\/\"><img decoding=\"async\" src=\"https:\/\/telehaz.org\/wp-content\/uploads\/2024\/12\/56a337be-af6d-49a8-b6ee-c70ce8bd2b2c-570x370.jpg\" alt=\"Tele-h\u00e1z, tele sz\u00edv! Farsaaang!\"><\/a><\/div><div class=\"pixel_blog_content\"><div class=\"pixel_blog_meta\">\r\n\t\t\t\t\t\t\t\t\t\t\t<ul><li class=\"meta_date\"><a href=\"https:\/\/telehaz.org\/mk\/tele-haz-tele-sziv-farsaaang\/\">\u043c\u0430\u0440\u0442 14, 2026<\/a><\/li><\/ul>\r\n\t\t\t\t\t\t\t\t\t\t<\/div><div class=\"pixel_blog_data\">\r\n\t\t\t\t\t\t\t\t\t<h4 class=\"post_title\"><a href=\"https:\/\/telehaz.org\/mk\/tele-haz-tele-sziv-farsaaang\/\">Tele-h\u00e1z, tele sz\u00edv! Farsaaang!<\/a><\/h4><p class=\"post_content\">Tele-h\u00e1z, tele sz\u00edv! Farsaaang!!! Nagyszer\u0171 volt! K\u00f6sz\u00f6net minden jelenl\u00e9v\u0151nek!<\/p><a href=\"https:\/\/telehaz.org\/mk\/tele-haz-tele-sziv-farsaaang\/\" class=\"pixel_transparent_blog_btn\">Read More<\/a><\/div><\/div>\r\n\t\t\t\t\t\t<\/div>\r\n\t\t\t\t\t<\/div><div class=\"pixel_blog_slides\"><div class=\"pixel_blog_box\"><div class=\"pixel_blog_img\"> \r\n\t\t\t\t\t\t\t\t<a href=\"https:\/\/telehaz.org\/mk\/a-telehaz-megtartotta-tisztujito-kozgyuleset\/\"><img decoding=\"async\" src=\"https:\/\/telehaz.org\/wp-content\/uploads\/2024\/12\/6e0bf4c0-3ed7-4036-a70f-b8fa477f630a-570x370.jpg\" alt=\"A Teleh\u00e1z megtartotta tiszt\u00faj\u00edt\u00f3 k\u00f6zgy\u0171l\u00e9s\u00e9t.\"><\/a><\/div><div class=\"pixel_blog_content\"><div class=\"pixel_blog_meta\">\r\n\t\t\t\t\t\t\t\t\t\t\t<ul><li class=\"meta_date\"><a href=\"https:\/\/telehaz.org\/mk\/a-telehaz-megtartotta-tisztujito-kozgyuleset\/\">\u043c\u0430\u0440\u0442 14, 2026<\/a><\/li><\/ul>\r\n\t\t\t\t\t\t\t\t\t\t<\/div><div class=\"pixel_blog_data\">\r\n\t\t\t\t\t\t\t\t\t<h4 class=\"post_title\"><a href=\"https:\/\/telehaz.org\/mk\/a-telehaz-megtartotta-tisztujito-kozgyuleset\/\">A Teleh\u00e1z megtartotta tiszt\u00faj\u00edt\u00f3 k\u00f6zgy\u0171l\u00e9s\u00e9t.<\/a><\/h4><p class=\"post_content\">A Teleh\u00e1z megtartotta tiszt\u00faj\u00edt\u00f3 k\u00f6zgy\u0171l\u00e9s\u00e9t. Megszavaztuk azokat a tagokat, akikre az elk\u00f6vetkez\u0151 n\u00e9gy \u00e9vben r\u00e1juk.<\/p><a href=\"https:\/\/telehaz.org\/mk\/a-telehaz-megtartotta-tisztujito-kozgyuleset\/\" class=\"pixel_transparent_blog_btn\">Read More<\/a><\/div><\/div>\r\n\t\t\t\t\t\t<\/div>\r\n\t\t\t\t\t<\/div><div class=\"pixel_blog_slides\"><div class=\"pixel_blog_box\"><div class=\"pixel_blog_img\"> \r\n\t\t\t\t\t\t\t\t<a href=\"https:\/\/telehaz.org\/mk\/a-telehaz-is-meg-lett-tisztelve-reszvetellel-a-hetvegi-magyar-iskolak-talalkozojan\/\"><img decoding=\"async\" src=\"https:\/\/telehaz.org\/wp-content\/uploads\/2024\/12\/823ccf47-31ea-4da0-87ea-21e3616a1615-570x370.jpg\" alt=\"A Teleh\u00e1z is meg lett tisztelve r\u00e9szv\u00e9tellel a H\u00e9tv\u00e9gi Magyar Iskol\u00e1k Tal\u00e1lkoz\u00f3j\u00e1n.\"><\/a><\/div><div class=\"pixel_blog_content\"><div class=\"pixel_blog_meta\">\r\n\t\t\t\t\t\t\t\t\t\t\t<ul><li class=\"meta_date\"><a href=\"https:\/\/telehaz.org\/mk\/a-telehaz-is-meg-lett-tisztelve-reszvetellel-a-hetvegi-magyar-iskolak-talalkozojan\/\">\u043c\u0430\u0440\u0442 14, 2026<\/a><\/li><\/ul>\r\n\t\t\t\t\t\t\t\t\t\t<\/div><div class=\"pixel_blog_data\">\r\n\t\t\t\t\t\t\t\t\t<h4 class=\"post_title\"><a href=\"https:\/\/telehaz.org\/mk\/a-telehaz-is-meg-lett-tisztelve-reszvetellel-a-hetvegi-magyar-iskolak-talalkozojan\/\">A Teleh\u00e1z is meg lett tisztelve r\u00e9szv\u00e9tellel a H\u00e9tv\u00e9gi Magyar Iskol\u00e1k Tal\u00e1lkoz\u00f3j\u00e1n.<\/a><\/h4><p class=\"post_content\">A Teleh\u00e1z is meg lett tisztelve r\u00e9szv\u00e9tellel a H\u00e9tv\u00e9gi Magyar Iskol\u00e1k Tal\u00e1lkoz\u00f3j\u00e1n. Sokat tanultunk \u00e9s.<\/p><a href=\"https:\/\/telehaz.org\/mk\/a-telehaz-is-meg-lett-tisztelve-reszvetellel-a-hetvegi-magyar-iskolak-talalkozojan\/\" class=\"pixel_transparent_blog_btn\">Read More<\/a><\/div><\/div>\r\n\t\t\t\t\t\t<\/div>\r\n\t\t\t\t\t<\/div><\/div><\/div><\/div><\/div><div class=\"pixel_69f346723d204\"><\/div><\/div><\/div><\/div><\/div><div class=\"vc_row-full-width vc_clearfix\"><\/div><div data-vc-full-width=\"true\" data-vc-full-width-init=\"false\" class=\"vc_row wpb_row vc_row-fluid vc_custom_1773443320200 vc_row-has-fill\"><div class=\"wpb_column vc_column_container vc_col-sm-12\"><div class=\"vc_column-inner pixel_custom_69f346723d434\"><div class=\"wpb_wrapper\"><div class=\"pixel_client_slider pixel_client_slider_style5\" data-additional=\"5,1,0,0,1,2000,style5\"><div class=\"slick_crousel\"><div class=\"pixel_client_box\">\r\n\t\t\t\t\t<a href=\"https:\/\/www.viola.com.mk\/\"><img decoding=\"async\" src=\"https:\/\/telehaz.org\/wp-content\/uploads\/2026\/03\/image5-1.png\" alt=\"Image Missing\"><\/a>\r\n\t\t\t\t<\/div><div class=\"pixel_client_box\">\r\n\t\t\t\t\t<a href=\"http:\/\/zepter.mk\/\"><img decoding=\"async\" src=\"https:\/\/telehaz.org\/wp-content\/uploads\/2026\/03\/image4-1.png\" alt=\"Image Missing\"><\/a>\r\n\t\t\t\t<\/div><div class=\"pixel_client_box\">\r\n\t\t\t\t\t<a href=\"http:\/\/6maj.mk\/\"><img decoding=\"async\" src=\"https:\/\/telehaz.org\/wp-content\/uploads\/2026\/03\/6-maj-1n.png\" alt=\"Image Missing\"><\/a>\r\n\t\t\t\t<\/div><div class=\"pixel_client_box\">\r\n\t\t\t\t\t<a href=\"https:\/\/vitaminka.company\/\"><img decoding=\"async\" src=\"https:\/\/telehaz.org\/wp-content\/uploads\/2021\/11\/image3.png\" alt=\"Image Missing\"><\/a>\r\n\t\t\t\t<\/div><div class=\"pixel_client_box\">\r\n\t\t\t\t\t<a href=\"https:\/\/www.elmedmk.com.mk\/\"><img decoding=\"async\" src=\"https:\/\/telehaz.org\/wp-content\/uploads\/2026\/03\/Elmed-1n.png\" alt=\"Image Missing\"><\/a>\r\n\t\t\t\t<\/div><div class=\"pixel_client_box\">\r\n\t\t\t\t\t<a href=\"https:\/\/www.greenteam.mk\/\"><img decoding=\"async\" src=\"https:\/\/telehaz.org\/wp-content\/uploads\/2026\/03\/image1-1.png\" alt=\"Image Missing\"><\/a>\r\n\t\t\t\t<\/div><div class=\"pixel_client_box\">\r\n\t\t\t\t\t<a href=\"\"><img decoding=\"async\" src=\"https:\/\/telehaz.org\/wp-content\/uploads\/2026\/03\/d3bd401a-4bba-4740-a715-b8673935b6e0.png\" alt=\"Image Missing\"><\/a>\r\n\t\t\t\t<\/div><\/div><\/div><\/div><\/div><\/div><\/div><div class=\"vc_row-full-width vc_clearfix\"><\/div>\n<\/div>","protected":false},"excerpt":{"rendered":"A Teleh\u00e1z is meg lett tisztelve r\u00e9szv\u00e9tellel a H\u00e9tv\u00e9gi Magyar Iskol\u00e1k Tal\u00e1lkoz\u00f3j\u00e1n. Sokat tanultunk \u00e9s j\u00f3 volt ism\u00e9t bar\u00e1tkozni testv\u00e9reinkkel.","protected":false},"author":1,"featured_media":0,"parent":0,"menu_order":0,"comment_status":"closed","ping_status":"closed","template":"","meta":{"_monsterinsights_skip_tracking":false,"_monsterinsights_sitenote_active":false,"_monsterinsights_sitenote_note":"","_monsterinsights_sitenote_category":0,"footnotes":""},"class_list":["post-204","page","type-page","status-publish","hentry"],"yoast_head":"<!-- This site is optimized with the Yoast SEO plugin v27.1.1 - https:\/\/yoast.com\/product\/yoast-seo-wordpress\/ -->\n<title>Home - telehaz<\/title>\n<meta name=\"robots\" content=\"index, follow, max-snippet:-1, max-image-preview:large, max-video-preview:-1\" \/>\n<link rel=\"canonical\" href=\"https:\/\/telehaz.org\/mk\/\" \/>\n<meta property=\"og:locale\" content=\"mk_MK\" \/>\n<meta property=\"og:type\" content=\"article\" \/>\n<meta property=\"og:title\" content=\"Home - telehaz\" \/>\n<meta property=\"og:url\" content=\"https:\/\/telehaz.org\/mk\/\" \/>\n<meta property=\"og:site_name\" content=\"telehaz\" \/>\n<meta property=\"article:modified_time\" content=\"2026-03-14T09:27:19+00:00\" \/>\n<meta name=\"twitter:card\" content=\"summary_large_image\" \/>\n<meta name=\"twitter:label1\" content=\"Est. reading time\" \/>\n\t<meta name=\"twitter:data1\" content=\"3 \u043c\u0438\u043d\u0443\u0442\u0438\" \/>\n<script type=\"application\/ld+json\" class=\"yoast-schema-graph\">{\"@context\":\"https:\/\/schema.org\",\"@graph\":[{\"@type\":\"WebPage\",\"@id\":\"https:\/\/telehaz.org\/\",\"url\":\"https:\/\/telehaz.org\/\",\"name\":\"Home - telehaz\",\"isPartOf\":{\"@id\":\"https:\/\/telehaz.org\/#website\"},\"datePublished\":\"2019-06-20T07:33:25+00:00\",\"dateModified\":\"2026-03-14T09:27:19+00:00\",\"breadcrumb\":{\"@id\":\"https:\/\/telehaz.org\/#breadcrumb\"},\"inLanguage\":\"mk-MK\",\"potentialAction\":[{\"@type\":\"ReadAction\",\"target\":[\"https:\/\/telehaz.org\/\"]}]},{\"@type\":\"BreadcrumbList\",\"@id\":\"https:\/\/telehaz.org\/#breadcrumb\",\"itemListElement\":[{\"@type\":\"ListItem\",\"position\":1,\"name\":\"Home\",\"item\":\"https:\/\/telehaz.org\/\"},{\"@type\":\"ListItem\",\"position\":2,\"name\":\"Home\"}]},{\"@type\":\"WebSite\",\"@id\":\"https:\/\/telehaz.org\/#website\",\"url\":\"https:\/\/telehaz.org\/\",\"name\":\"telehaz\",\"description\":\"\",\"publisher\":{\"@id\":\"https:\/\/telehaz.org\/#organization\"},\"potentialAction\":[{\"@type\":\"SearchAction\",\"target\":{\"@type\":\"EntryPoint\",\"urlTemplate\":\"https:\/\/telehaz.org\/?s={search_term_string}\"},\"query-input\":{\"@type\":\"PropertyValueSpecification\",\"valueRequired\":true,\"valueName\":\"search_term_string\"}}],\"inLanguage\":\"mk-MK\"},{\"@type\":\"Organization\",\"@id\":\"https:\/\/telehaz.org\/#organization\",\"name\":\"telehaz\",\"url\":\"https:\/\/telehaz.org\/\",\"logo\":{\"@type\":\"ImageObject\",\"inLanguage\":\"mk-MK\",\"@id\":\"https:\/\/telehaz.org\/#\/schema\/logo\/image\/\",\"url\":\"https:\/\/telehaz.org\/wp-content\/uploads\/2026\/03\/cropped-cropped-485774272_1126253836207625_3465147681560552661_n.png\",\"contentUrl\":\"https:\/\/telehaz.org\/wp-content\/uploads\/2026\/03\/cropped-cropped-485774272_1126253836207625_3465147681560552661_n.png\",\"width\":999,\"height\":572,\"caption\":\"telehaz\"},\"image\":{\"@id\":\"https:\/\/telehaz.org\/#\/schema\/logo\/image\/\"}}]}<\/script>\n<!-- \/ Yoast SEO plugin. -->","yoast_head_json":{"title":"Home - telehaz","robots":{"index":"index","follow":"follow","max-snippet":"max-snippet:-1","max-image-preview":"max-image-preview:large","max-video-preview":"max-video-preview:-1"},"canonical":"https:\/\/telehaz.org\/mk\/","og_locale":"mk_MK","og_type":"article","og_title":"Home - telehaz","og_url":"https:\/\/telehaz.org\/mk\/","og_site_name":"telehaz","article_modified_time":"2026-03-14T09:27:19+00:00","twitter_card":"summary_large_image","twitter_misc":{"Est. reading time":"3 \u043c\u0438\u043d\u0443\u0442\u0438"},"schema":{"@context":"https:\/\/schema.org","@graph":[{"@type":"WebPage","@id":"https:\/\/telehaz.org\/","url":"https:\/\/telehaz.org\/","name":"Home - telehaz","isPartOf":{"@id":"https:\/\/telehaz.org\/#website"},"datePublished":"2019-06-20T07:33:25+00:00","dateModified":"2026-03-14T09:27:19+00:00","breadcrumb":{"@id":"https:\/\/telehaz.org\/#breadcrumb"},"inLanguage":"mk-MK","potentialAction":[{"@type":"ReadAction","target":["https:\/\/telehaz.org\/"]}]},{"@type":"BreadcrumbList","@id":"https:\/\/telehaz.org\/#breadcrumb","itemListElement":[{"@type":"ListItem","position":1,"name":"Home","item":"https:\/\/telehaz.org\/"},{"@type":"ListItem","position":2,"name":"Home"}]},{"@type":"WebSite","@id":"https:\/\/telehaz.org\/#website","url":"https:\/\/telehaz.org\/","name":"telehaz","description":"","publisher":{"@id":"https:\/\/telehaz.org\/#organization"},"potentialAction":[{"@type":"SearchAction","target":{"@type":"EntryPoint","urlTemplate":"https:\/\/telehaz.org\/?s={search_term_string}"},"query-input":{"@type":"PropertyValueSpecification","valueRequired":true,"valueName":"search_term_string"}}],"inLanguage":"mk-MK"},{"@type":"Organization","@id":"https:\/\/telehaz.org\/#organization","name":"telehaz","url":"https:\/\/telehaz.org\/","logo":{"@type":"ImageObject","inLanguage":"mk-MK","@id":"https:\/\/telehaz.org\/#\/schema\/logo\/image\/","url":"https:\/\/telehaz.org\/wp-content\/uploads\/2026\/03\/cropped-cropped-485774272_1126253836207625_3465147681560552661_n.png","contentUrl":"https:\/\/telehaz.org\/wp-content\/uploads\/2026\/03\/cropped-cropped-485774272_1126253836207625_3465147681560552661_n.png","width":999,"height":572,"caption":"telehaz"},"image":{"@id":"https:\/\/telehaz.org\/#\/schema\/logo\/image\/"}}]}},"_links":{"self":[{"href":"https:\/\/telehaz.org\/mk\/wp-json\/wp\/v2\/pages\/204","targetHints":{"allow":["GET"]}}],"collection":[{"href":"https:\/\/telehaz.org\/mk\/wp-json\/wp\/v2\/pages"}],"about":[{"href":"https:\/\/telehaz.org\/mk\/wp-json\/wp\/v2\/types\/page"}],"author":[{"embeddable":true,"href":"https:\/\/telehaz.org\/mk\/wp-json\/wp\/v2\/users\/1"}],"replies":[{"embeddable":true,"href":"https:\/\/telehaz.org\/mk\/wp-json\/wp\/v2\/comments?post=204"}],"version-history":[{"count":21,"href":"https:\/\/telehaz.org\/mk\/wp-json\/wp\/v2\/pages\/204\/revisions"}],"predecessor-version":[{"id":472,"href":"https:\/\/telehaz.org\/mk\/wp-json\/wp\/v2\/pages\/204\/revisions\/472"}],"wp:attachment":[{"href":"https:\/\/telehaz.org\/mk\/wp-json\/wp\/v2\/media?parent=204"}],"curies":[{"name":"wp","href":"https:\/\/api.w.org\/{rel}","templated":true}]}}