{"id":14,"date":"2019-06-20T08:33:42","date_gmt":"2019-06-20T08:33:42","guid":{"rendered":"http:\/\/demo.motothemes.co\/netw5\/ngo\/?page_id=14"},"modified":"2026-03-14T09:28:14","modified_gmt":"2026-03-14T09:28:14","slug":"barataink-es-tamogatoink","status":"publish","type":"page","link":"https:\/\/telehaz.org\/mk\/barataink-es-tamogatoink\/","title":{"rendered":"\u041f\u043e\u0434\u0440\u0436\u0443\u0432\u0430\u0447\u0438"},"content":{"rendered":"<div class=\"wpb-content-wrapper\"><div class=\"vc_row wpb_row vc_row-fluid\"><div class=\"wpb_column vc_column_container vc_col-sm-12\"><div class=\"vc_column-inner pixel_custom_69f35914e481a\"><div class=\"wpb_wrapper\"><div class=\"pixel_69f35914e4897\"><\/div>\n\t<div class=\"wpb_text_column wpb_content_element\" >\n\t\t<div class=\"wpb_wrapper\">\n\t\t\t<p data-renderer-start-pos=\"1150\">Teleh\u00e1z \u2013 \u0414\u0440\u0443\u0448\u0442\u0432\u043e\u0442\u043e \u043d\u0430 \u0423\u043d\u0433\u0430\u0440\u0446\u0438\u0442\u0435 \u0432\u043e \u041c\u0430\u043a\u0435\u0434\u043e\u043d\u0438\u0458\u0430 \u0458\u0430 \u043e\u0441\u0442\u0432\u0430\u0440\u0443\u0432\u0430 \u0441\u0432\u043e\u0458\u0430\u0442\u0430 \u043c\u0438\u0441\u0438\u0458\u0430 \u0431\u043b\u0430\u0433\u043e\u0434\u0430\u0440\u0435\u043d\u0438\u0435 \u043d\u0430 \u043f\u043e\u0434\u0434\u0440\u0448\u043a\u0430\u0442\u0430 \u0438 \u0441\u043e\u0440\u0430\u0431\u043e\u0442\u043a\u0430\u0442\u0430 \u0441\u043e \u0431\u0440\u043e\u0458\u043d\u0438 \u043f\u0440\u0438\u0458\u0430\u0442\u0435\u043b\u0438, \u0438\u043d\u0441\u0442\u0438\u0442\u0443\u0446\u0438\u0438, \u043a\u043e\u043c\u043f\u0430\u043d\u0438\u0438 \u0438 \u043f\u0430\u0440\u0442\u043d\u0435\u0440\u0438.<\/p>\n<p data-renderer-start-pos=\"1288\">\u041e\u0441\u043e\u0431\u0435\u043d\u043e \u0437\u043d\u0430\u0447\u0430\u0458\u043d\u0430 \u0435 \u0441\u043e\u0440\u0430\u0431\u043e\u0442\u043a\u0430\u0442\u0430 \u0441\u043e <strong data-renderer-mark=\"true\">\u0410\u043c\u0431\u0430\u0441\u0430\u0434\u0430\u0442\u0430 \u043d\u0430 \u0423\u043d\u0433\u0430\u0440\u0438\u0458\u0430 \u0432\u043e \u0420\u0435\u043f\u0443\u0431\u043b\u0438\u043a\u0430 \u0421\u0435\u0432\u0435\u0440\u043d\u0430 \u041c\u0430\u043a\u0435\u0434\u043e\u043d\u0438\u0458\u0430<\/strong>\u043a\u043e\u0458\u0430 \u043a\u043e\u043d\u0442\u0438\u043d\u0443\u0438\u0440\u0430\u043d\u043e \u0433\u0438 \u043f\u043e\u0434\u0434\u0440\u0436\u0443\u0432\u0430 \u043a\u0443\u043b\u0442\u0443\u0440\u043d\u0438\u0442\u0435 \u0430\u043a\u0442\u0438\u0432\u043d\u043e\u0441\u0442\u0438 \u0438 \u0438\u043d\u0438\u0446\u0438\u0458\u0430\u0442\u0438\u0432\u0438 \u043d\u0430 \u043e\u0440\u0433\u0430\u043d\u0438\u0437\u0430\u0446\u0438\u0458\u0430\u0442\u0430 \u0438 \u043f\u0440\u0438\u0434\u043e\u043d\u0435\u0441\u0443\u0432\u0430 \u0437\u0430 \u0440\u0430\u0437\u0432\u043e\u0458 \u043d\u0430 \u043a\u0443\u043b\u0442\u0443\u0440\u043d\u0438\u0442\u0435 \u0432\u0440\u0441\u043a\u0438 \u043c\u0435\u0453\u0443 \u041c\u0430\u043a\u0435\u0434\u043e\u043d\u0438\u0458\u0430 \u0438 \u0423\u043d\u0433\u0430\u0440\u0438\u0458\u0430.<\/p>\n<p data-renderer-start-pos=\"1560\">Teleh\u00e1z \u0438\u043c\u0430 \u0434\u043e\u0431\u0440\u0430 \u0441\u043e\u0440\u0430\u0431\u043e\u0442\u043a\u0430 \u0438 \u0441\u043e <strong data-renderer-mark=\"true\">\u043b\u043e\u043a\u0430\u043b\u043d\u0438\u0442\u0435 \u0441\u0430\u043c\u043e\u0443\u043f\u0440\u0430\u0432\u0438, \u043a\u0443\u043b\u0442\u0443\u0440\u043d\u0438 \u0438\u043d\u0441\u0442\u0438\u0442\u0443\u0446\u0438\u0438 \u0438 \u043e\u0440\u0433\u0430\u043d\u0438\u0437\u0430\u0446\u0438\u0438<\/strong>, \u043a\u0430\u043a\u043e \u0438 \u0441\u043e <strong data-renderer-mark=\"true\">\u043c\u043d\u043e\u0433\u0443 \u043a\u043e\u043c\u043f\u0430\u043d\u0438\u0438 \u0438 \u0431\u0438\u0437\u043d\u0438\u0441 \u043f\u0430\u0440\u0442\u043d\u0435\u0440\u0438<\/strong>\u043a\u043e\u0438 \u0441\u043e \u0441\u0432\u043e\u0458\u0430\u0442\u0430 \u043f\u043e\u0434\u0434\u0440\u0448\u043a\u0430 \u043f\u0440\u0438\u0434\u043e\u043d\u0435\u0441\u0443\u0432\u0430\u0430\u0442 \u0437\u0430 \u0440\u0435\u0430\u043b\u0438\u0437\u0430\u0446\u0438\u0458\u0430 \u043d\u0430 \u043a\u0443\u043b\u0442\u0443\u0440\u043d\u0438 \u043d\u0430\u0441\u0442\u0430\u043d\u0438, \u0442\u0440\u0430\u0434\u0438\u0446\u0438\u043e\u043d\u0430\u043b\u043d\u0438 \u043c\u0430\u043d\u0438\u0444\u0435\u0441\u0442\u0430\u0446\u0438\u0438 \u0438 \u0437\u0430\u0435\u0434\u043d\u0438\u0447\u043a\u0438 \u043f\u0440\u043e\u0435\u043a\u0442\u0438.<\/p>\n<p data-renderer-start-pos=\"1840\">\u041f\u043e\u0434\u0434\u0440\u0448\u043a\u0430\u0442\u0430 \u043e\u0434 \u043a\u043e\u043c\u043f\u0430\u043d\u0438\u0438\u0442\u0435 \u0438 \u0434\u0435\u043b\u043e\u0432\u043d\u0430\u0442\u0430 \u0437\u0430\u0435\u0434\u043d\u0438\u0446\u0430 \u0438\u043c\u0430 \u0432\u0430\u0436\u043d\u0430 \u0443\u043b\u043e\u0433\u0430 \u0432\u043e \u0440\u0430\u0437\u0432\u043e\u0458\u043e\u0442 \u043d\u0430 \u0430\u043a\u0442\u0438\u0432\u043d\u043e\u0441\u0442\u0438\u0442\u0435 \u043d\u0430 \u043e\u0440\u0433\u0430\u043d\u0438\u0437\u0430\u0446\u0438\u0458\u0430\u0442\u0430 \u0438 \u043e\u0432\u043e\u0437\u043c\u043e\u0436\u0443\u0432\u0430 \u0440\u0435\u0430\u043b\u0438\u0437\u0430\u0446\u0438\u0458\u0430 \u043d\u0430 \u043d\u0430\u0441\u0442\u0430\u043d\u0438 \u043a\u043e\u0438 \u0458\u0430 \u043f\u0440\u043e\u043c\u043e\u0432\u0438\u0440\u0430\u0430\u0442 \u0443\u043d\u0433\u0430\u0440\u0441\u043a\u0430\u0442\u0430 \u043a\u0443\u043b\u0442\u0443\u0440\u0430, \u0442\u0440\u0430\u0434\u0438\u0446\u0438\u0458\u0430 \u0438 \u043f\u0440\u0438\u0458\u0430\u0442\u0435\u043b\u0441\u0442\u0432\u043e\u0442\u043e \u043c\u0435\u0453\u0443 \u043d\u0430\u0440\u043e\u0434\u0438\u0442\u0435.<\/p>\n<p data-renderer-start-pos=\"2061\">\u0418\u043c \u0431\u043b\u0430\u0433\u043e\u0434\u0430\u0440\u0438\u043c\u0435 \u043d\u0430 \u0441\u0438\u0442\u0435 \u043d\u0430\u0448\u0438 \u043f\u0440\u0438\u0458\u0430\u0442\u0435\u043b\u0438, \u043f\u0430\u0440\u0442\u043d\u0435\u0440\u0438 \u0438 \u043f\u043e\u0434\u0434\u0440\u0436\u0443\u0432\u0430\u0447\u0438 \u043a\u043e\u0438 \u0441\u043e \u0441\u0432\u043e\u0458\u0430\u0442\u0430 \u0434\u043e\u0432\u0435\u0440\u0431\u0430 \u0438 \u0441\u043e\u0440\u0430\u0431\u043e\u0442\u043a\u0430 \u043f\u0440\u0438\u0434\u043e\u043d\u0435\u0441\u0443\u0432\u0430\u0430\u0442 \u0437\u0430 \u0437\u0430\u0447\u0443\u0432\u0443\u0432\u0430\u045a\u0435 \u043d\u0430 \u043a\u0443\u043b\u0442\u0443\u0440\u043d\u043e\u0442\u043e \u043d\u0430\u0441\u043b\u0435\u0434\u0441\u0442\u0432\u043e \u0438 \u0437\u0430 \u0437\u0430\u0458\u0430\u043a\u043d\u0443\u0432\u0430\u045a\u0435 \u043d\u0430 \u0432\u0440\u0441\u043a\u0438\u0442\u0435 \u043c\u0435\u0453\u0443 \u041c\u0430\u043a\u0435\u0434\u043e\u043d\u0438\u0458\u0430 \u0438 \u0423\u043d\u0433\u0430\u0440\u0438\u0458\u0430.<\/p>\n\n\t\t<\/div>\n\t<\/div>\n<div class=\"pixel_69f35914e49b6\"><\/div><\/div><\/div><\/div><\/div><div class=\"vc_row wpb_row vc_row-fluid\"><div class=\"wpb_column vc_column_container vc_col-sm-12\"><div class=\"vc_column-inner pixel_custom_69f35914e4bad\"><div class=\"wpb_wrapper\"><\/div><\/div><\/div><\/div><div data-vc-full-width=\"true\" data-vc-full-width-init=\"false\" class=\"vc_row wpb_row vc_row-fluid vc_custom_1773443320200 vc_row-has-fill\"><div class=\"wpb_column vc_column_container vc_col-sm-12\"><div class=\"vc_column-inner pixel_custom_69f35914e4daa\"><div class=\"wpb_wrapper\"><div class=\"pixel_client_slider pixel_client_slider_style5\" data-additional=\"5,1,0,0,1,2000,style5\"><div class=\"slick_crousel\"><div class=\"pixel_client_box\">\r\n\t\t\t\t\t<a href=\"https:\/\/www.viola.com.mk\/\"><img decoding=\"async\" src=\"https:\/\/telehaz.org\/wp-content\/uploads\/2026\/03\/image5-1.png\" alt=\"Image Missing\"><\/a>\r\n\t\t\t\t<\/div><div class=\"pixel_client_box\">\r\n\t\t\t\t\t<a href=\"http:\/\/zepter.mk\/\"><img decoding=\"async\" src=\"https:\/\/telehaz.org\/wp-content\/uploads\/2026\/03\/image4-1.png\" alt=\"Image Missing\"><\/a>\r\n\t\t\t\t<\/div><div class=\"pixel_client_box\">\r\n\t\t\t\t\t<a href=\"http:\/\/6maj.mk\/\"><img decoding=\"async\" src=\"https:\/\/telehaz.org\/wp-content\/uploads\/2026\/03\/6-maj-1n.png\" alt=\"Image Missing\"><\/a>\r\n\t\t\t\t<\/div><div class=\"pixel_client_box\">\r\n\t\t\t\t\t<a href=\"https:\/\/vitaminka.company\/\"><img decoding=\"async\" src=\"https:\/\/telehaz.org\/wp-content\/uploads\/2021\/11\/image3.png\" alt=\"Image Missing\"><\/a>\r\n\t\t\t\t<\/div><div class=\"pixel_client_box\">\r\n\t\t\t\t\t<a href=\"https:\/\/www.elmedmk.com.mk\/\"><img decoding=\"async\" src=\"https:\/\/telehaz.org\/wp-content\/uploads\/2026\/03\/Elmed-1n.png\" alt=\"Image Missing\"><\/a>\r\n\t\t\t\t<\/div><div class=\"pixel_client_box\">\r\n\t\t\t\t\t<a href=\"https:\/\/www.greenteam.mk\/\"><img decoding=\"async\" src=\"https:\/\/telehaz.org\/wp-content\/uploads\/2026\/03\/image1-1.png\" alt=\"Image Missing\"><\/a>\r\n\t\t\t\t<\/div><div class=\"pixel_client_box\">\r\n\t\t\t\t\t<a href=\"\"><img decoding=\"async\" src=\"https:\/\/telehaz.org\/wp-content\/uploads\/2026\/03\/d3bd401a-4bba-4740-a715-b8673935b6e0.png\" alt=\"Image Missing\"><\/a>\r\n\t\t\t\t<\/div><\/div><\/div><\/div><\/div><\/div><\/div><div class=\"vc_row-full-width vc_clearfix\"><\/div>\n<\/div>","protected":false},"excerpt":{"rendered":"A Teleh\u00e1z \u2013 a Maced\u00f3ni\u00e1ban \u00e9l\u0151 magyarok k\u00f6z\u00f6ss\u00e9ge \u2013 k\u00fcldet\u00e9s\u00e9t sz\u00e1mos bar\u00e1t, int\u00e9zm\u00e9ny, v\u00e1llalat \u00e9s partner t\u00e1mogat\u00e1s\u00e1val val\u00f3s\u00edtja meg. K\u00fcl\u00f6n\u00f6sen.","protected":false},"author":1,"featured_media":0,"parent":0,"menu_order":0,"comment_status":"closed","ping_status":"closed","template":"","meta":{"_monsterinsights_skip_tracking":false,"_monsterinsights_sitenote_active":false,"_monsterinsights_sitenote_note":"","_monsterinsights_sitenote_category":0,"footnotes":""},"class_list":["post-14","page","type-page","status-publish","hentry"],"yoast_head":"<!-- This site is optimized with the Yoast SEO plugin v27.1.1 - https:\/\/yoast.com\/product\/yoast-seo-wordpress\/ -->\n<title>Bar\u00e1taink \u00e9s T\u00e1mogat\u00f3ink - telehaz<\/title>\n<meta name=\"robots\" content=\"index, follow, max-snippet:-1, max-image-preview:large, max-video-preview:-1\" \/>\n<link rel=\"canonical\" href=\"https:\/\/telehaz.org\/mk\/barataink-es-tamogatoink\/\" \/>\n<meta property=\"og:locale\" content=\"mk_MK\" \/>\n<meta property=\"og:type\" content=\"article\" \/>\n<meta property=\"og:title\" content=\"Bar\u00e1taink \u00e9s T\u00e1mogat\u00f3ink - telehaz\" \/>\n<meta property=\"og:url\" content=\"https:\/\/telehaz.org\/mk\/barataink-es-tamogatoink\/\" \/>\n<meta property=\"og:site_name\" content=\"telehaz\" \/>\n<meta property=\"article:modified_time\" content=\"2026-03-14T09:28:14+00:00\" \/>\n<meta name=\"twitter:card\" content=\"summary_large_image\" \/>\n<meta name=\"twitter:label1\" content=\"Est. reading time\" \/>\n\t<meta name=\"twitter:data1\" content=\"3 \u043c\u0438\u043d\u0443\u0442\u0438\" \/>\n<script type=\"application\/ld+json\" class=\"yoast-schema-graph\">{\"@context\":\"https:\/\/schema.org\",\"@graph\":[{\"@type\":\"WebPage\",\"@id\":\"https:\/\/telehaz.org\/barataink-es-tamogatoink\/\",\"url\":\"https:\/\/telehaz.org\/barataink-es-tamogatoink\/\",\"name\":\"Bar\u00e1taink \u00e9s T\u00e1mogat\u00f3ink - telehaz\",\"isPartOf\":{\"@id\":\"https:\/\/telehaz.org\/#website\"},\"datePublished\":\"2019-06-20T08:33:42+00:00\",\"dateModified\":\"2026-03-14T09:28:14+00:00\",\"breadcrumb\":{\"@id\":\"https:\/\/telehaz.org\/barataink-es-tamogatoink\/#breadcrumb\"},\"inLanguage\":\"mk-MK\",\"potentialAction\":[{\"@type\":\"ReadAction\",\"target\":[\"https:\/\/telehaz.org\/barataink-es-tamogatoink\/\"]}]},{\"@type\":\"BreadcrumbList\",\"@id\":\"https:\/\/telehaz.org\/barataink-es-tamogatoink\/#breadcrumb\",\"itemListElement\":[{\"@type\":\"ListItem\",\"position\":1,\"name\":\"Home\",\"item\":\"https:\/\/telehaz.org\/\"},{\"@type\":\"ListItem\",\"position\":2,\"name\":\"Bar\u00e1taink \u00e9s T\u00e1mogat\u00f3ink\"}]},{\"@type\":\"WebSite\",\"@id\":\"https:\/\/telehaz.org\/#website\",\"url\":\"https:\/\/telehaz.org\/\",\"name\":\"telehaz\",\"description\":\"\",\"publisher\":{\"@id\":\"https:\/\/telehaz.org\/#organization\"},\"potentialAction\":[{\"@type\":\"SearchAction\",\"target\":{\"@type\":\"EntryPoint\",\"urlTemplate\":\"https:\/\/telehaz.org\/?s={search_term_string}\"},\"query-input\":{\"@type\":\"PropertyValueSpecification\",\"valueRequired\":true,\"valueName\":\"search_term_string\"}}],\"inLanguage\":\"mk-MK\"},{\"@type\":\"Organization\",\"@id\":\"https:\/\/telehaz.org\/#organization\",\"name\":\"telehaz\",\"url\":\"https:\/\/telehaz.org\/\",\"logo\":{\"@type\":\"ImageObject\",\"inLanguage\":\"mk-MK\",\"@id\":\"https:\/\/telehaz.org\/#\/schema\/logo\/image\/\",\"url\":\"https:\/\/telehaz.org\/wp-content\/uploads\/2026\/03\/cropped-cropped-485774272_1126253836207625_3465147681560552661_n.png\",\"contentUrl\":\"https:\/\/telehaz.org\/wp-content\/uploads\/2026\/03\/cropped-cropped-485774272_1126253836207625_3465147681560552661_n.png\",\"width\":999,\"height\":572,\"caption\":\"telehaz\"},\"image\":{\"@id\":\"https:\/\/telehaz.org\/#\/schema\/logo\/image\/\"}}]}<\/script>\n<!-- \/ Yoast SEO plugin. -->","yoast_head_json":{"title":"Bar\u00e1taink \u00e9s T\u00e1mogat\u00f3ink - telehaz","robots":{"index":"index","follow":"follow","max-snippet":"max-snippet:-1","max-image-preview":"max-image-preview:large","max-video-preview":"max-video-preview:-1"},"canonical":"https:\/\/telehaz.org\/mk\/barataink-es-tamogatoink\/","og_locale":"mk_MK","og_type":"article","og_title":"Bar\u00e1taink \u00e9s T\u00e1mogat\u00f3ink - telehaz","og_url":"https:\/\/telehaz.org\/mk\/barataink-es-tamogatoink\/","og_site_name":"telehaz","article_modified_time":"2026-03-14T09:28:14+00:00","twitter_card":"summary_large_image","twitter_misc":{"Est. reading time":"3 \u043c\u0438\u043d\u0443\u0442\u0438"},"schema":{"@context":"https:\/\/schema.org","@graph":[{"@type":"WebPage","@id":"https:\/\/telehaz.org\/barataink-es-tamogatoink\/","url":"https:\/\/telehaz.org\/barataink-es-tamogatoink\/","name":"Bar\u00e1taink \u00e9s T\u00e1mogat\u00f3ink - telehaz","isPartOf":{"@id":"https:\/\/telehaz.org\/#website"},"datePublished":"2019-06-20T08:33:42+00:00","dateModified":"2026-03-14T09:28:14+00:00","breadcrumb":{"@id":"https:\/\/telehaz.org\/barataink-es-tamogatoink\/#breadcrumb"},"inLanguage":"mk-MK","potentialAction":[{"@type":"ReadAction","target":["https:\/\/telehaz.org\/barataink-es-tamogatoink\/"]}]},{"@type":"BreadcrumbList","@id":"https:\/\/telehaz.org\/barataink-es-tamogatoink\/#breadcrumb","itemListElement":[{"@type":"ListItem","position":1,"name":"Home","item":"https:\/\/telehaz.org\/"},{"@type":"ListItem","position":2,"name":"Bar\u00e1taink \u00e9s T\u00e1mogat\u00f3ink"}]},{"@type":"WebSite","@id":"https:\/\/telehaz.org\/#website","url":"https:\/\/telehaz.org\/","name":"telehaz","description":"","publisher":{"@id":"https:\/\/telehaz.org\/#organization"},"potentialAction":[{"@type":"SearchAction","target":{"@type":"EntryPoint","urlTemplate":"https:\/\/telehaz.org\/?s={search_term_string}"},"query-input":{"@type":"PropertyValueSpecification","valueRequired":true,"valueName":"search_term_string"}}],"inLanguage":"mk-MK"},{"@type":"Organization","@id":"https:\/\/telehaz.org\/#organization","name":"telehaz","url":"https:\/\/telehaz.org\/","logo":{"@type":"ImageObject","inLanguage":"mk-MK","@id":"https:\/\/telehaz.org\/#\/schema\/logo\/image\/","url":"https:\/\/telehaz.org\/wp-content\/uploads\/2026\/03\/cropped-cropped-485774272_1126253836207625_3465147681560552661_n.png","contentUrl":"https:\/\/telehaz.org\/wp-content\/uploads\/2026\/03\/cropped-cropped-485774272_1126253836207625_3465147681560552661_n.png","width":999,"height":572,"caption":"telehaz"},"image":{"@id":"https:\/\/telehaz.org\/#\/schema\/logo\/image\/"}}]}},"_links":{"self":[{"href":"https:\/\/telehaz.org\/mk\/wp-json\/wp\/v2\/pages\/14","targetHints":{"allow":["GET"]}}],"collection":[{"href":"https:\/\/telehaz.org\/mk\/wp-json\/wp\/v2\/pages"}],"about":[{"href":"https:\/\/telehaz.org\/mk\/wp-json\/wp\/v2\/types\/page"}],"author":[{"embeddable":true,"href":"https:\/\/telehaz.org\/mk\/wp-json\/wp\/v2\/users\/1"}],"replies":[{"embeddable":true,"href":"https:\/\/telehaz.org\/mk\/wp-json\/wp\/v2\/comments?post=14"}],"version-history":[{"count":7,"href":"https:\/\/telehaz.org\/mk\/wp-json\/wp\/v2\/pages\/14\/revisions"}],"predecessor-version":[{"id":473,"href":"https:\/\/telehaz.org\/mk\/wp-json\/wp\/v2\/pages\/14\/revisions\/473"}],"wp:attachment":[{"href":"https:\/\/telehaz.org\/mk\/wp-json\/wp\/v2\/media?parent=14"}],"curies":[{"name":"wp","href":"https:\/\/api.w.org\/{rel}","templated":true}]}}